{"id":23533,"date":"2024-10-24T12:58:26","date_gmt":"2024-10-24T09:58:26","guid":{"rendered":"https:\/\/smego.com\/?page_id=23533"},"modified":"2024-11-19T12:02:13","modified_gmt":"2024-11-19T10:02:13","slug":"loan-campaign","status":"publish","type":"page","link":"https:\/\/smego.com\/lv\/loan-campaign\/","title":{"rendered":"Loan campaign"},"content":{"rendered":"<h2>Finans\u0113\u0161anas risin\u0101jumi \u0101tr\u0101k nek\u0101 bank\u0101<\/h2>\n<h2>smeGo aizdevumi uz\u0146\u0113m\u0113jdarb\u012bbai \u2013 \u0100trs un elast\u012bgs finans\u0113jums MVU<\/h2>\n<p>Uz\u0146\u0113m\u0113jdarb\u012bba att\u012bst\u0101s \u0101tri, un kad saredzat izaugsmes, invest\u012bciju vai papla\u0161in\u0101\u0161an\u0101s iesp\u0113jas, J\u016bs nevarat gaid\u012bt ned\u0113\u013c\u0101m vai m\u0113ne\u0161iem ilgi, lai sa\u0146emtu finans\u0113jumu, kas atbalst\u012btu J\u016bsu amb\u012bcijas. J\u016bs varat sa\u0146emt finans\u0113\u0161anas pied\u0101v\u0101jumu no 100 t\u016bksto\u0161iem EUR l\u012bdz 2,5 miljoniem EUR tikai vienas darba dienas laik\u0101, izmantojot vienk\u0101r\u0161u un \u0113rtu pieteik\u0161an\u0101s procesu, kas ietaup\u012bs J\u016bsu d\u0101rgo laiku.<\/p>\n<p>\t\t\t\t\t<a href=\"#form\"><br \/>\n\t\t\t\t<svg aria-hidden=\"true\" viewBox=\"0 0 448 512\" xmlns=\"http:\/\/www.w3.org\/2000\/svg\"><path d=\"M190.5 66.9l22.2-22.2c9.4-9.4 24.6-9.4 33.9 0L441 239c9.4 9.4 9.4 24.6 0 33.9L246.6 467.3c-9.4 9.4-24.6 9.4-33.9 0l-22.2-22.2c-9.5-9.5-9.3-25 .4-34.3L311.4 296H24c-13.3 0-24-10.7-24-24v-32c0-13.3 10.7-24 24-24h287.4L190.9 101.2c-9.8-9.3-10-24.8-.4-34.3z\"><\/path><\/svg><br \/>\n\t\t\t\t\t\t\t\t\tPieteikties tagad<br \/>\n\t\t\t\t\t<\/a><\/p>\n<h2>K\u0101p\u0113c izv\u0113l\u0113ties smeGo aizdevumu uz\u0146\u0113m\u0113jdarb\u012bbai?<\/h2>\n<p>\t\t\t\t\t\t\t\t\t\t\t\t\t<img decoding=\"async\" src=\"https:\/\/smego.com\/wp-content\/uploads\/2024\/09\/Group-587.svg\" alt=\"\" \/>\t\t\t\t\t\t\t\t\t\t\t\t\t<\/p>\n<h2>\u0100tri<\/h2>\n<p>M\u0113s sazin\u0101simies ar Jums taj\u0101 pa\u0161\u0101 dien\u0101, kad b\u016bsim sa\u0146\u0113mu\u0161i J\u016bsu pieteikumu, lai vienotos par iesp\u0113j\u0101m sa\u0146emt aizdevumu.<\/p>\n<p>\t\t\t\t\t\t\t\t\t\t\t\t\t<img decoding=\"async\" src=\"https:\/\/smego.com\/wp-content\/uploads\/2024\/09\/Group-581.svg\" alt=\"\" \/>\t\t\t\t\t\t\t\t\t\t\t\t\t<\/p>\n<h2>Izdev\u012bgi<\/h2>\n<p>Procentu likme s\u0101kot no 9,5% gad\u0101 + Euribor un m\u0113s sp\u0113jam rast risin\u0101jumu \u012bs\u0101k\u0101 laik\u0101 nek\u0101 bankas.<\/p>\n<p>\t\t\t\t\t\t\t\t\t\t\t\t\t<img decoding=\"async\" src=\"https:\/\/smego.com\/wp-content\/uploads\/2024\/09\/Group-585.svg\" alt=\"\" \/>\t\t\t\t\t\t\t\t\t\t\t\t\t<\/p>\n<h2>Elast\u012bgi<\/h2>\n<p>Izmantojiet m\u016bsu aizdevumu uz\u0146\u0113m\u0113jdarb\u012bbas vajadz\u012bb\u0101m, lai refinans\u0113tu eso\u0161\u0101s saist\u012bbas, ieguld\u012btu sav\u0101 biznes\u0101, papla\u0161in\u0101tu savu saimniecisko darb\u012bbu vai ieg\u0101d\u0101tos apr\u012bkojumu. Iesp\u0113jas ir neierobe\u017eotas.<\/p>\n<p>\t\t\t\t\t\t\t\t\t\t\t\t\t<img fetchpriority=\"high\" decoding=\"async\" width=\"450\" height=\"450\" src=\"https:\/\/smego.com\/wp-content\/uploads\/2024\/10\/Hardhat-man.png\" alt=\"\" srcset=\"https:\/\/smego.com\/wp-content\/uploads\/2024\/10\/Hardhat-man.png 450w, https:\/\/smego.com\/wp-content\/uploads\/2024\/10\/Hardhat-man-300x300.png 300w, https:\/\/smego.com\/wp-content\/uploads\/2024\/10\/Hardhat-man-150x150.png 150w\" sizes=\"(max-width: 450px) 100vw, 450px\" \/>\t\t\t\t\t\t\t\t\t\t\t\t\t<\/p>\n<h2>smeGo pied\u0101v\u0101 vienus no lab\u0101kajiem aizdevuma nosac\u012bjumiem tirg\u016b!<\/h2>\n<p>\t\t\t<svg aria-hidden=\"true\" viewBox=\"0 0 512 512\" xmlns=\"http:\/\/www.w3.org\/2000\/svg\"><path d=\"M173.898 439.404l-166.4-166.4c-9.997-9.997-9.997-26.206 0-36.204l36.203-36.204c9.997-9.998 26.207-9.998 36.204 0L192 312.69 432.095 72.596c9.997-9.997 26.207-9.997 36.204 0l36.203 36.204c9.997 9.997 9.997 26.206 0 36.204l-294.4 294.401c-9.998 9.997-26.207 9.997-36.204-.001z\"><\/path><\/svg>\t\t\t<\/p>\n<p>Aizdevuma summa \u2013 no <strong>100 t\u016bksto\u0161iem EUR l\u012bdz 2,5 miljoniem EUR<\/strong><\/p>\n<p>\t\t\t<svg aria-hidden=\"true\" viewBox=\"0 0 512 512\" xmlns=\"http:\/\/www.w3.org\/2000\/svg\"><path d=\"M173.898 439.404l-166.4-166.4c-9.997-9.997-9.997-26.206 0-36.204l36.203-36.204c9.997-9.998 26.207-9.998 36.204 0L192 312.69 432.095 72.596c9.997-9.997 26.207-9.997 36.204 0l36.203 36.204c9.997 9.997 9.997 26.206 0 36.204l-294.4 294.401c-9.998 9.997-26.207 9.997-36.204-.001z\"><\/path><\/svg>\t\t\t<\/p>\n<p>Elast\u012bgs atmaksas grafiks \u2013 piel\u0101goti aizdevuma atmaksas nosac\u012bjumi atbilsto\u0161i J\u016bsu biznesa ciklam<\/p>\n<p>\t\t\t<svg aria-hidden=\"true\" viewBox=\"0 0 512 512\" xmlns=\"http:\/\/www.w3.org\/2000\/svg\"><path d=\"M173.898 439.404l-166.4-166.4c-9.997-9.997-9.997-26.206 0-36.204l36.203-36.204c9.997-9.998 26.207-9.998 36.204 0L192 312.69 432.095 72.596c9.997-9.997 26.207-9.997 36.204 0l36.203 36.204c9.997 9.997 9.997 26.206 0 36.204l-294.4 294.401c-9.998 9.997-26.207 9.997-36.204-.001z\"><\/path><\/svg>\t\t\t<\/p>\n<p>Ekspertu atbalsts \u2013 m\u016bsu <strong>finans\u0113\u0161anas ekspertu<\/strong> komanda sniegs Jums nepiecie\u0161amo atbalstu<\/p>\n<p>\t\t\t<svg aria-hidden=\"true\" viewBox=\"0 0 512 512\" xmlns=\"http:\/\/www.w3.org\/2000\/svg\"><path d=\"M173.898 439.404l-166.4-166.4c-9.997-9.997-9.997-26.206 0-36.204l36.203-36.204c9.997-9.998 26.207-9.998 36.204 0L192 312.69 432.095 72.596c9.997-9.997 26.207-9.997 36.204 0l36.203 36.204c9.997 9.997 9.997 26.206 0 36.204l-294.4 294.401c-9.998 9.997-26.207 9.997-36.204-.001z\"><\/path><\/svg>\t\t\t<\/p>\n<p>\u012apa\u0161s pied\u0101v\u0101jums eso\u0161o saist\u012bbu <strong>refinans\u0113\u0161anai<\/strong><\/p>\n<p>\t\t\t<svg aria-hidden=\"true\" viewBox=\"0 0 512 512\" xmlns=\"http:\/\/www.w3.org\/2000\/svg\"><path d=\"M173.898 439.404l-166.4-166.4c-9.997-9.997-9.997-26.206 0-36.204l36.203-36.204c9.997-9.998 26.207-9.998 36.204 0L192 312.69 432.095 72.596c9.997-9.997 26.207-9.997 36.204 0l36.203 36.204c9.997 9.997 9.997 26.206 0 36.204l-294.4 294.401c-9.998 9.997-26.207 9.997-36.204-.001z\"><\/path><\/svg>\t\t\t<\/p>\n<p>Aizdevums l\u012bdz<strong> 85%<\/strong> no \u0137\u012blas v\u0113rt\u012bbas<\/p>\n<h2>Sa\u0146emiet naudu, kas nepiecie\u0161ama J\u016bsu biznesa izaugsmei, jau \u0161odien!<\/h2>\n","protected":false},"excerpt":{"rendered":"<p>Finans\u0113\u0161anas risin\u0101jumi \u0101tr\u0101k nek\u0101 bank\u0101 smeGo aizdevumi uz\u0146\u0113m\u0113jdarb\u012bbai \u2013 \u0100trs un elast\u012bgs finans\u0113jums MVU Uz\u0146\u0113m\u0113jdarb\u012bba att\u012bst\u0101s \u0101tri, un kad saredzat izaugsmes, invest\u012bciju vai papla\u0161in\u0101\u0161an\u0101s iesp\u0113jas, J\u016bs nevarat gaid\u012bt ned\u0113\u013c\u0101m vai m\u0113ne\u0161iem ilgi, lai sa\u0146emtu finans\u0113jumu, kas atbalst\u012btu J\u016bsu amb\u012bcijas. J\u016bs varat sa\u0146emt finans\u0113\u0161anas pied\u0101v\u0101jumu no 100 t\u016bksto\u0161iem EUR l\u012bdz 2,5 miljoniem EUR tikai vienas darba [&hellip;]<\/p>\n","protected":false},"author":10,"featured_media":0,"parent":0,"menu_order":0,"comment_status":"closed","ping_status":"closed","template":"","meta":{"footnotes":""},"class_list":["post-23533","page","type-page","status-publish","hentry"],"aioseo_notices":[],"_links":{"self":[{"href":"https:\/\/smego.com\/lv\/wp-json\/wp\/v2\/pages\/23533","targetHints":{"allow":["GET"]}}],"collection":[{"href":"https:\/\/smego.com\/lv\/wp-json\/wp\/v2\/pages"}],"about":[{"href":"https:\/\/smego.com\/lv\/wp-json\/wp\/v2\/types\/page"}],"author":[{"embeddable":true,"href":"https:\/\/smego.com\/lv\/wp-json\/wp\/v2\/users\/10"}],"replies":[{"embeddable":true,"href":"https:\/\/smego.com\/lv\/wp-json\/wp\/v2\/comments?post=23533"}],"version-history":[{"count":10,"href":"https:\/\/smego.com\/lv\/wp-json\/wp\/v2\/pages\/23533\/revisions"}],"predecessor-version":[{"id":23544,"href":"https:\/\/smego.com\/lv\/wp-json\/wp\/v2\/pages\/23533\/revisions\/23544"}],"wp:attachment":[{"href":"https:\/\/smego.com\/lv\/wp-json\/wp\/v2\/media?parent=23533"}],"curies":[{"name":"wp","href":"https:\/\/api.w.org\/{rel}","templated":true}]}}