{"id":21270,"date":"2024-06-06T10:53:32","date_gmt":"2024-06-06T07:53:32","guid":{"rendered":"https:\/\/smego.com\/application\/"},"modified":"2024-09-26T16:12:21","modified_gmt":"2024-09-26T13:12:21","slug":"application","status":"publish","type":"page","link":"https:\/\/smego.com\/lv\/application\/","title":{"rendered":"Application"},"content":{"rendered":"\t\t<div data-elementor-type=\"wp-page\" data-elementor-id=\"21270\" class=\"elementor elementor-21270 elementor-20526\" data-elementor-post-type=\"page\">\n\t\t\t\t<div data-particle_enable=\"false\" data-particle-mobile-disabled=\"false\" class=\"elementor-element elementor-element-29b4d16 e-flex e-con-boxed e-con e-parent\" data-id=\"29b4d16\" data-element_type=\"container\" data-e-type=\"container\">\n\t\t\t\t\t<div class=\"e-con-inner\">\n\t\t<div data-particle_enable=\"false\" data-particle-mobile-disabled=\"false\" class=\"elementor-element elementor-element-0379a6f e-con-full elementor-hidden-desktop e-flex e-con e-child\" data-id=\"0379a6f\" data-element_type=\"container\" data-e-type=\"container\" data-settings=\"{&quot;background_background&quot;:&quot;classic&quot;}\">\n\t\t\t\t<div class=\"elementor-element elementor-element-2269ed4 elementor-widget elementor-widget-image\" data-id=\"2269ed4\" data-element_type=\"widget\" data-e-type=\"widget\" data-widget_type=\"image.default\">\n\t\t\t\t<div class=\"elementor-widget-container\">\n\t\t\t\t\t\t\t\t\t\t\t\t\t\t\t<img fetchpriority=\"high\" decoding=\"async\" width=\"800\" height=\"906\" src=\"https:\/\/smego.com\/wp-content\/uploads\/2024\/05\/www-904x1024.jpg\" class=\"attachment-large size-large wp-image-20221\" alt=\"\" srcset=\"https:\/\/smego.com\/wp-content\/uploads\/2024\/05\/www-904x1024.jpg 904w, https:\/\/smego.com\/wp-content\/uploads\/2024\/05\/www-265x300.jpg 265w, https:\/\/smego.com\/wp-content\/uploads\/2024\/05\/www-768x870.jpg 768w, https:\/\/smego.com\/wp-content\/uploads\/2024\/05\/www-1355x1536.jpg 1355w, https:\/\/smego.com\/wp-content\/uploads\/2024\/05\/www-1807x2048.jpg 1807w\" sizes=\"(max-width: 800px) 100vw, 800px\" \/>\t\t\t\t\t\t\t\t\t\t\t\t\t\t\t<\/div>\n\t\t\t\t<\/div>\n\t\t\t\t<\/div>\n\t\t<div data-particle_enable=\"false\" data-particle-mobile-disabled=\"false\" class=\"elementor-element elementor-element-62be929 e-con-full e-flex e-con e-child\" data-id=\"62be929\" data-element_type=\"container\" data-e-type=\"container\" data-settings=\"{&quot;background_background&quot;:&quot;classic&quot;}\">\n\t\t\t\t<div class=\"elementor-element elementor-element-5f96d60 elementor-widget elementor-widget-heading\" data-id=\"5f96d60\" data-element_type=\"widget\" data-e-type=\"widget\" data-widget_type=\"heading.default\">\n\t\t\t\t<div class=\"elementor-widget-container\">\n\t\t\t\t\t<h2 class=\"elementor-heading-title elementor-size-default\">L\u016bdzu, \u0146emiet v\u0113r\u0101, ka m\u016bsu pieteikums pa\u0161reiz ir tikai ang\u013cu valod\u0101.<\/h2>\t\t\t\t<\/div>\n\t\t\t\t<\/div>\n\t\t\t\t<div class=\"elementor-element elementor-element-4cc2638 elementor-widget elementor-widget-text-editor\" data-id=\"4cc2638\" data-element_type=\"widget\" data-e-type=\"widget\" data-widget_type=\"text-editor.default\">\n\t\t\t\t<div class=\"elementor-widget-container\">\n\t\t\t\t\t\t\t\t\t<p data-renderer-start-pos=\"72\">Ievadiet savu e-pasta adresi, lai m\u0113s var\u0113tu Jums nos\u016bt\u012bt vienreiz\u0113ju piek\u013cuves kodu, lai pieteiktos pa\u0161apkalpo\u0161an\u0101s platform\u0101.<\/p><p data-renderer-start-pos=\"201\">Lai uzs\u0101ktu pieteik\u0161anos, noklik\u0161\u0137iniet uz pogas Turpin\u0101t!<\/p>\t\t\t\t\t\t\t\t<\/div>\n\t\t\t\t<\/div>\n\t\t\t\t<div class=\"elementor-element elementor-element-7f42b62 elementor-align-left elementor-mobile-align-center elementor-widget elementor-widget-button\" data-id=\"7f42b62\" data-element_type=\"widget\" data-e-type=\"widget\" data-widget_type=\"button.default\">\n\t\t\t\t<div class=\"elementor-widget-container\">\n\t\t\t\t\t\t\t\t\t<div class=\"elementor-button-wrapper\">\n\t\t\t\t\t<a class=\"elementor-button elementor-button-link elementor-size-sm\" href=\"https:\/\/my.smego.com\/dashboard\/overview\">\n\t\t\t\t\t\t<span class=\"elementor-button-content-wrapper\">\n\t\t\t\t\t\t<span class=\"elementor-button-icon\">\n\t\t\t\t<svg aria-hidden=\"true\" class=\"e-font-icon-svg e-fas-arrow-right\" viewBox=\"0 0 448 512\" xmlns=\"http:\/\/www.w3.org\/2000\/svg\"><path d=\"M190.5 66.9l22.2-22.2c9.4-9.4 24.6-9.4 33.9 0L441 239c9.4 9.4 9.4 24.6 0 33.9L246.6 467.3c-9.4 9.4-24.6 9.4-33.9 0l-22.2-22.2c-9.5-9.5-9.3-25 .4-34.3L311.4 296H24c-13.3 0-24-10.7-24-24v-32c0-13.3 10.7-24 24-24h287.4L190.9 101.2c-9.8-9.3-10-24.8-.4-34.3z\"><\/path><\/svg>\t\t\t<\/span>\n\t\t\t\t\t\t\t\t\t<span class=\"elementor-button-text\">Turpin\u0101t<\/span>\n\t\t\t\t\t<\/span>\n\t\t\t\t\t<\/a>\n\t\t\t\t<\/div>\n\t\t\t\t\t\t\t\t<\/div>\n\t\t\t\t<\/div>\n\t\t\t\t<div class=\"elementor-element elementor-element-5dcf466 elementor-widget elementor-widget-text-editor\" data-id=\"5dcf466\" data-element_type=\"widget\" data-e-type=\"widget\" data-widget_type=\"text-editor.default\">\n\t\t\t\t<div class=\"elementor-widget-container\">\n\t\t\t\t\t\t\t\t\t<p><strong data-renderer-mark=\"true\">Ja v\u0113laties run\u0101t tie\u0161i ar k\u0101du no m\u016bsu darbiniekiem, l\u016bdzu, zvaniet mums vai atst\u0101jiet savu kontaktinform\u0101ciju, un m\u0113s ar Jums sazin\u0101simies tuv\u0101kaj\u0101 laik\u0101!<\/strong><\/p>\t\t\t\t\t\t\t\t<\/div>\n\t\t\t\t<\/div>\n\t\t\t\t<div class=\"elementor-element elementor-element-4914fe5 elementor-widget elementor-widget-button\" data-id=\"4914fe5\" data-element_type=\"widget\" data-e-type=\"widget\" data-widget_type=\"button.default\">\n\t\t\t\t<div class=\"elementor-widget-container\">\n\t\t\t\t\t\t\t\t\t<div class=\"elementor-button-wrapper\">\n\t\t\t\t\t<a class=\"elementor-button elementor-button-link elementor-size-sm\" href=\"https:\/\/webforms.pipedrive.com\/f\/1AjnrRUgEFFPQQNtQEds2UVnbwO6zCfe1NaZXL8NUQ9BzWfcCV90KlbpsWnf0DBtN\">\n\t\t\t\t\t\t<span class=\"elementor-button-content-wrapper\">\n\t\t\t\t\t\t<span class=\"elementor-button-icon\">\n\t\t\t\t<svg aria-hidden=\"true\" class=\"e-font-icon-svg e-fas-arrow-right\" viewBox=\"0 0 448 512\" xmlns=\"http:\/\/www.w3.org\/2000\/svg\"><path d=\"M190.5 66.9l22.2-22.2c9.4-9.4 24.6-9.4 33.9 0L441 239c9.4 9.4 9.4 24.6 0 33.9L246.6 467.3c-9.4 9.4-24.6 9.4-33.9 0l-22.2-22.2c-9.5-9.5-9.3-25 .4-34.3L311.4 296H24c-13.3 0-24-10.7-24-24v-32c0-13.3 10.7-24 24-24h287.4L190.9 101.2c-9.8-9.3-10-24.8-.4-34.3z\"><\/path><\/svg>\t\t\t<\/span>\n\t\t\t\t\t\t\t\t\t<span class=\"elementor-button-text\">Atst\u0101t kontaktinform\u0101ciju<\/span>\n\t\t\t\t\t<\/span>\n\t\t\t\t\t<\/a>\n\t\t\t\t<\/div>\n\t\t\t\t\t\t\t\t<\/div>\n\t\t\t\t<\/div>\n\t\t\t\t<\/div>\n\t\t<div data-particle_enable=\"false\" data-particle-mobile-disabled=\"false\" class=\"elementor-element elementor-element-20244e3 e-con-full elementor-hidden-tablet elementor-hidden-mobile e-flex e-con e-child\" data-id=\"20244e3\" data-element_type=\"container\" data-e-type=\"container\" data-settings=\"{&quot;background_background&quot;:&quot;classic&quot;}\">\n\t\t\t\t<div class=\"elementor-element elementor-element-2103064 elementor-widget elementor-widget-image\" data-id=\"2103064\" data-element_type=\"widget\" data-e-type=\"widget\" data-widget_type=\"image.default\">\n\t\t\t\t<div class=\"elementor-widget-container\">\n\t\t\t\t\t\t\t\t\t\t\t\t\t\t\t<img fetchpriority=\"high\" decoding=\"async\" width=\"800\" height=\"906\" src=\"https:\/\/smego.com\/wp-content\/uploads\/2024\/05\/www-904x1024.jpg\" class=\"attachment-large size-large wp-image-20221\" alt=\"\" srcset=\"https:\/\/smego.com\/wp-content\/uploads\/2024\/05\/www-904x1024.jpg 904w, https:\/\/smego.com\/wp-content\/uploads\/2024\/05\/www-265x300.jpg 265w, https:\/\/smego.com\/wp-content\/uploads\/2024\/05\/www-768x870.jpg 768w, https:\/\/smego.com\/wp-content\/uploads\/2024\/05\/www-1355x1536.jpg 1355w, https:\/\/smego.com\/wp-content\/uploads\/2024\/05\/www-1807x2048.jpg 1807w\" sizes=\"(max-width: 800px) 100vw, 800px\" \/>\t\t\t\t\t\t\t\t\t\t\t\t\t\t\t<\/div>\n\t\t\t\t<\/div>\n\t\t\t\t<\/div>\n\t\t\t\t\t<\/div>\n\t\t\t\t<\/div>\n\t\t\t\t<\/div>\n\t\t","protected":false},"excerpt":{"rendered":"<p>L\u016bdzu, \u0146emiet v\u0113r\u0101, ka m\u016bsu pieteikums pa\u0161reiz ir tikai ang\u013cu valod\u0101. Ievadiet savu e-pasta adresi, lai m\u0113s var\u0113tu Jums nos\u016bt\u012bt vienreiz\u0113ju piek\u013cuves kodu, lai pieteiktos pa\u0161apkalpo\u0161an\u0101s platform\u0101. Lai uzs\u0101ktu pieteik\u0161anos, noklik\u0161\u0137iniet uz pogas Turpin\u0101t! Turpin\u0101t Ja v\u0113laties run\u0101t tie\u0161i ar k\u0101du no m\u016bsu darbiniekiem, l\u016bdzu, zvaniet mums vai atst\u0101jiet savu kontaktinform\u0101ciju, un m\u0113s ar Jums [&hellip;]<\/p>\n","protected":false},"author":10,"featured_media":0,"parent":0,"menu_order":0,"comment_status":"closed","ping_status":"closed","template":"","meta":{"footnotes":""},"class_list":["post-21270","page","type-page","status-publish","hentry"],"aioseo_notices":[],"_links":{"self":[{"href":"https:\/\/smego.com\/lv\/wp-json\/wp\/v2\/pages\/21270","targetHints":{"allow":["GET"]}}],"collection":[{"href":"https:\/\/smego.com\/lv\/wp-json\/wp\/v2\/pages"}],"about":[{"href":"https:\/\/smego.com\/lv\/wp-json\/wp\/v2\/types\/page"}],"author":[{"embeddable":true,"href":"https:\/\/smego.com\/lv\/wp-json\/wp\/v2\/users\/10"}],"replies":[{"embeddable":true,"href":"https:\/\/smego.com\/lv\/wp-json\/wp\/v2\/comments?post=21270"}],"version-history":[{"count":25,"href":"https:\/\/smego.com\/lv\/wp-json\/wp\/v2\/pages\/21270\/revisions"}],"predecessor-version":[{"id":22929,"href":"https:\/\/smego.com\/lv\/wp-json\/wp\/v2\/pages\/21270\/revisions\/22929"}],"wp:attachment":[{"href":"https:\/\/smego.com\/lv\/wp-json\/wp\/v2\/media?parent=21270"}],"curies":[{"name":"wp","href":"https:\/\/api.w.org\/{rel}","templated":true}]}}