{"id":17239,"date":"2024-02-19T12:57:54","date_gmt":"2024-02-19T10:57:54","guid":{"rendered":"https:\/\/smego.com\/terms-and-conditions\/"},"modified":"2025-06-12T11:03:18","modified_gmt":"2025-06-12T08:03:18","slug":"terms-and-conditions","status":"publish","type":"page","link":"https:\/\/smego.com\/lv\/terms-and-conditions\/","title":{"rendered":"Terms and Conditions"},"content":{"rendered":"\t\t<div data-elementor-type=\"wp-page\" data-elementor-id=\"17239\" class=\"elementor elementor-17239 elementor-17227\" data-elementor-post-type=\"page\">\n\t\t\t\t<div data-particle_enable=\"false\" data-particle-mobile-disabled=\"false\" class=\"elementor-element elementor-element-13d95e2 e-flex e-con-boxed e-con e-parent\" data-id=\"13d95e2\" data-element_type=\"container\" data-e-type=\"container\" data-settings=\"{&quot;background_background&quot;:&quot;classic&quot;}\">\n\t\t\t\t\t<div class=\"e-con-inner\">\n\t\t\t\t<div class=\"elementor-element elementor-element-706657c elementor-widget elementor-widget-heading\" data-id=\"706657c\" data-element_type=\"widget\" data-e-type=\"widget\" data-widget_type=\"heading.default\">\n\t\t\t\t<div class=\"elementor-widget-container\">\n\t\t\t\t\t<h2 class=\"elementor-heading-title elementor-size-default\">Pakalpojumu snieg\u0161anas noteikumi<\/h2>\t\t\t\t<\/div>\n\t\t\t\t<\/div>\n\t\t\t\t\t<\/div>\n\t\t\t\t<\/div>\n\t\t<div data-particle_enable=\"false\" data-particle-mobile-disabled=\"false\" class=\"elementor-element elementor-element-9be0243 e-flex e-con-boxed e-con e-parent\" data-id=\"9be0243\" data-element_type=\"container\" data-e-type=\"container\" data-settings=\"{&quot;background_background&quot;:&quot;classic&quot;}\">\n\t\t\t\t\t<div class=\"e-con-inner\">\n\t\t<div data-particle_enable=\"false\" data-particle-mobile-disabled=\"false\" class=\"elementor-element elementor-element-04a9ace e-flex e-con-boxed e-con e-child\" data-id=\"04a9ace\" data-element_type=\"container\" data-e-type=\"container\" data-settings=\"{&quot;background_background&quot;:&quot;classic&quot;}\">\n\t\t\t\t\t<div class=\"e-con-inner\">\n\t\t\t\t<div class=\"elementor-element elementor-element-0975990 elementor-widget elementor-widget-text-editor\" data-id=\"0975990\" data-element_type=\"widget\" data-e-type=\"widget\" data-widget_type=\"text-editor.default\">\n\t\t\t\t<div class=\"elementor-widget-container\">\n\t\t\t\t\t\t\t\t\t<p class=\"sc-a33c1060-3 kLhtIY\">\u201eSME FINANCE\u201c, UAB GRUPAS UZ\u0145\u0112MUMU AIZDEVUMA L\u012aGUMU VISP\u0100R\u0112JIE NOTEIKUMI<\/p><p class=\"sc-a33c1060-3 kLhtIY\"><a title=\"Original URL:\nhttps:\/\/smef-next.cdn.prismic.io\/smef-next\/e920c648-af29-4e53-8dd9-17772ac0872c_SME-FINANCE-UAB-GRUPAS-UZNEMUMU-AIZDEVUMA-LIGUMU-VISPAREJIE-NOTEIKUMI-1.pdf\n\nClick to follow link.\" href=\"https:\/\/smego.com\/wp-content\/uploads\/2025\/06\/LV_UAB-SME-FINANACE-group-companies-General-TC_20250611.pdf\" target=\"_blank\" rel=\"noopener\" data-ogsc=\"\" data-outlook-id=\"1f5fa38c-11e1-47ba-a7d7-69ee999707fa\"><span data-ogsc=\"black\">\u201eSME FINANCE\u201c, UAB GRUPAS UZ\u0145\u0112MUMU AIZDEVUMA L\u012aGUMU VISP\u0100R\u0112JIE NOTEIKUMI (sp\u0113k\u0101 no 2025-06-11)<\/span><\/a><\/p>\t\t\t\t\t\t\t\t<\/div>\n\t\t\t\t<\/div>\n\t\t\t\t\t<\/div>\n\t\t\t\t<\/div>\n\t\t\t\t\t<\/div>\n\t\t\t\t<\/div>\n\t\t<div data-particle_enable=\"false\" data-particle-mobile-disabled=\"false\" class=\"elementor-element elementor-element-fb4e42d e-flex e-con-boxed e-con e-parent\" data-id=\"fb4e42d\" data-element_type=\"container\" data-e-type=\"container\" data-settings=\"{&quot;background_background&quot;:&quot;classic&quot;}\">\n\t\t\t\t\t<div class=\"e-con-inner\">\n\t\t<div data-particle_enable=\"false\" data-particle-mobile-disabled=\"false\" class=\"elementor-element elementor-element-1153870 e-flex e-con-boxed e-con e-child\" data-id=\"1153870\" data-element_type=\"container\" data-e-type=\"container\" data-settings=\"{&quot;background_background&quot;:&quot;classic&quot;}\">\n\t\t\t\t\t<div class=\"e-con-inner\">\n\t\t\t\t<div class=\"elementor-element elementor-element-9258faf elementor-widget elementor-widget-text-editor\" data-id=\"9258faf\" data-element_type=\"widget\" data-e-type=\"widget\" data-widget_type=\"text-editor.default\">\n\t\t\t\t<div class=\"elementor-widget-container\">\n\t\t\t\t\t\t\t\t\t<p class=\"sc-a33c1060-3 kLhtIY\">\u201eSME FINANCE\u201c, UAB GRUPAS UZ\u0145\u0112MUMU FAKTORINGA L\u012aGUMU VISP\u0100R\u0112JIE NOTEIKUMI<\/p><p class=\"sc-a33c1060-3 kLhtIY\"><span class=\"sc-a33c1060-5 eJTHx\"><a href=\"https:\/\/smego.com\/wp-content\/uploads\/2024\/09\/SME_FINANCE_UAB_GRUPAS_UZNEMUMU_faktoringa_ligumu_visparejie_noteikumi_un_nosacijumi_speka_no_26092022.pdf\" target=\"_blank\" rel=\"noopener\">\u201eSME FINANCE\u201c, UAB GRUPAS UZ\u0145\u0112MUMU FAKTORINGA L\u012aGUMU VISP\u0100R\u0112JIE NOTEIKUMI (sp\u0113k\u0101 no 2022-09-26)<\/a><\/span><\/p>\t\t\t\t\t\t\t\t<\/div>\n\t\t\t\t<\/div>\n\t\t\t\t\t<\/div>\n\t\t\t\t<\/div>\n\t\t\t\t\t<\/div>\n\t\t\t\t<\/div>\n\t\t<div data-particle_enable=\"false\" data-particle-mobile-disabled=\"false\" class=\"elementor-element elementor-element-98d5d3c e-flex e-con-boxed e-con e-parent\" data-id=\"98d5d3c\" data-element_type=\"container\" data-e-type=\"container\" data-settings=\"{&quot;background_background&quot;:&quot;classic&quot;}\">\n\t\t\t\t\t<div class=\"e-con-inner\">\n\t\t<div data-particle_enable=\"false\" data-particle-mobile-disabled=\"false\" class=\"elementor-element elementor-element-3a44c69 e-flex e-con-boxed e-con e-child\" data-id=\"3a44c69\" data-element_type=\"container\" data-e-type=\"container\" data-settings=\"{&quot;background_background&quot;:&quot;classic&quot;}\">\n\t\t\t\t\t<div class=\"e-con-inner\">\n\t\t\t\t<div class=\"elementor-element elementor-element-9aeba07 elementor-widget elementor-widget-text-editor\" data-id=\"9aeba07\" data-element_type=\"widget\" data-e-type=\"widget\" data-widget_type=\"text-editor.default\">\n\t\t\t\t<div class=\"elementor-widget-container\">\n\t\t\t\t\t\t\t\t\t<div><p class=\"sc-a33c1060-3 kLhtIY\">\u201eSME FINANCE\u201c, UAB GRUPAS UZ\u0145\u0112MUMU VISP\u0100R\u0112JIE PAR\u0100DA APDRO\u0160IN\u0100\u0160ANAS NOTEIKUMI FAKTORINGA L\u012aGUMIEM<\/p><p class=\"sc-a33c1060-3 kLhtIY\"><span class=\"sc-a33c1060-5 eJTHx\"><a href=\"https:\/\/smef-next.cdn.prismic.io\/smef-next\/10da7a05-6444-4696-a79b-26dbcfbc1d45_LV_CI-SME_FINANCE_UAB_GRUPAS_UZNEMUMU_visparejie_parada_apdrosinasanas_noteikumi_faktoringa_ligumiem_speka_no_26092022.pdf\" target=\"_blank\" rel=\"noopener noreferrer\">\u201eSME FINANCE\u201c, UAB GRUPAS UZ\u0145\u0112MUMU VISP\u0100R\u0112JIE PAR\u0100DA APDRO\u0160IN\u0100\u0160ANAS NOTEIKUMI FAKTORINGA L\u012aGUMIEM (sp\u0113k\u0101 no 2022-09-26)<\/a><\/span><\/p><\/div><div>\u00a0<\/div>\t\t\t\t\t\t\t\t<\/div>\n\t\t\t\t<\/div>\n\t\t\t\t\t<\/div>\n\t\t\t\t<\/div>\n\t\t\t\t\t<\/div>\n\t\t\t\t<\/div>\n\t\t<div data-particle_enable=\"false\" data-particle-mobile-disabled=\"false\" class=\"elementor-element elementor-element-cf7bfde e-flex e-con-boxed e-con e-parent\" data-id=\"cf7bfde\" data-element_type=\"container\" data-e-type=\"container\" data-settings=\"{&quot;background_background&quot;:&quot;classic&quot;}\">\n\t\t\t\t\t<div class=\"e-con-inner\">\n\t\t<div data-particle_enable=\"false\" data-particle-mobile-disabled=\"false\" class=\"elementor-element elementor-element-7b38262 e-flex e-con-boxed e-con e-child\" data-id=\"7b38262\" data-element_type=\"container\" data-e-type=\"container\" data-settings=\"{&quot;background_background&quot;:&quot;classic&quot;}\">\n\t\t\t\t\t<div class=\"e-con-inner\">\n\t\t\t\t<div class=\"elementor-element elementor-element-fd74969 elementor-widget elementor-widget-text-editor\" data-id=\"fd74969\" data-element_type=\"widget\" data-e-type=\"widget\" data-widget_type=\"text-editor.default\">\n\t\t\t\t<div class=\"elementor-widget-container\">\n\t\t\t\t\t\t\t\t\t<div><p class=\"sc-a33c1060-3 kLhtIY\">Visp\u0101r\u0113jie SME Finance l\u012bgumu noteikumi un nosac\u012bjumi<\/p><\/div><div>\u00a0<\/div>\t\t\t\t\t\t\t\t<\/div>\n\t\t\t\t<\/div>\n\t\t\t\t\t<\/div>\n\t\t\t\t<\/div>\n\t\t\t\t\t<\/div>\n\t\t\t\t<\/div>\n\t\t<div data-particle_enable=\"false\" data-particle-mobile-disabled=\"false\" class=\"elementor-element elementor-element-456050d e-flex e-con-boxed e-con e-parent\" data-id=\"456050d\" data-element_type=\"container\" data-e-type=\"container\" data-settings=\"{&quot;background_background&quot;:&quot;classic&quot;}\">\n\t\t\t\t\t<div class=\"e-con-inner\">\n\t\t<div data-particle_enable=\"false\" data-particle-mobile-disabled=\"false\" class=\"elementor-element elementor-element-1636ad0 e-flex e-con-boxed e-con e-child\" data-id=\"1636ad0\" data-element_type=\"container\" data-e-type=\"container\" data-settings=\"{&quot;background_background&quot;:&quot;classic&quot;}\">\n\t\t\t\t\t<div class=\"e-con-inner\">\n\t\t\t\t<div class=\"elementor-element elementor-element-68a3787 elementor-widget elementor-widget-text-editor\" data-id=\"68a3787\" data-element_type=\"widget\" data-e-type=\"widget\" data-widget_type=\"text-editor.default\">\n\t\t\t\t<div class=\"elementor-widget-container\">\n\t\t\t\t\t\t\t\t\t<div><div><p class=\"sc-a33c1060-3 kLhtIY\">Visp\u0101r\u0113jie SME Capital 2 l\u012bgumu noteikumi un nosac\u012bjumi<\/p><\/div><\/div>\t\t\t\t\t\t\t\t<\/div>\n\t\t\t\t<\/div>\n\t\t\t\t\t<\/div>\n\t\t\t\t<\/div>\n\t\t\t\t\t<\/div>\n\t\t\t\t<\/div>\n\t\t<div data-particle_enable=\"false\" data-particle-mobile-disabled=\"false\" class=\"elementor-element elementor-element-8e7fd7a e-flex e-con-boxed e-con e-parent\" data-id=\"8e7fd7a\" data-element_type=\"container\" data-e-type=\"container\" data-settings=\"{&quot;background_background&quot;:&quot;classic&quot;}\">\n\t\t\t\t\t<div class=\"e-con-inner\">\n\t\t<div data-particle_enable=\"false\" data-particle-mobile-disabled=\"false\" class=\"elementor-element elementor-element-09586d6 e-flex e-con-boxed e-con e-child\" data-id=\"09586d6\" data-element_type=\"container\" data-e-type=\"container\" data-settings=\"{&quot;background_background&quot;:&quot;classic&quot;}\">\n\t\t\t\t\t<div class=\"e-con-inner\">\n\t\t\t\t<div class=\"elementor-element elementor-element-9f71063 elementor-widget elementor-widget-text-editor\" data-id=\"9f71063\" data-element_type=\"widget\" data-e-type=\"widget\" data-widget_type=\"text-editor.default\">\n\t\t\t\t<div class=\"elementor-widget-container\">\n\t\t\t\t\t\t\t\t\t<p class=\"sc-a33c1060-3 kLhtIY\">Visp\u0101r\u0113jie SME Capital 3 l\u012bgumu noteikumi un nosac\u012bjumi<\/p>\t\t\t\t\t\t\t\t<\/div>\n\t\t\t\t<\/div>\n\t\t\t\t\t<\/div>\n\t\t\t\t<\/div>\n\t\t\t\t\t<\/div>\n\t\t\t\t<\/div>\n\t\t<div data-particle_enable=\"false\" data-particle-mobile-disabled=\"false\" class=\"elementor-element elementor-element-c3f49e7 e-flex e-con-boxed e-con e-parent\" data-id=\"c3f49e7\" data-element_type=\"container\" data-e-type=\"container\" data-settings=\"{&quot;background_background&quot;:&quot;classic&quot;}\">\n\t\t\t\t\t<div class=\"e-con-inner\">\n\t\t<div data-particle_enable=\"false\" data-particle-mobile-disabled=\"false\" class=\"elementor-element elementor-element-2206f70 e-flex e-con-boxed e-con e-child\" data-id=\"2206f70\" data-element_type=\"container\" data-e-type=\"container\" data-settings=\"{&quot;background_background&quot;:&quot;classic&quot;}\">\n\t\t\t\t\t<div class=\"e-con-inner\">\n\t\t\t\t<div class=\"elementor-element elementor-element-92953ae elementor-widget elementor-widget-text-editor\" data-id=\"92953ae\" data-element_type=\"widget\" data-e-type=\"widget\" data-widget_type=\"text-editor.default\">\n\t\t\t\t<div class=\"elementor-widget-container\">\n\t\t\t\t\t\t\t\t\t<div><p class=\"sc-a33c1060-3 kLhtIY\">Arh\u012bvs: \u201eSME FINANCE\u201c, UAB GRUPAS UZ\u0145\u0112MUMU AIZDEVUMA L\u012aGUMU VISP\u0100R\u0112JIE NOTEIKUMI<\/p><div class=\"sc-7fa4df81-0 dTAMkK\"><a href=\"https:\/\/smef-next.cdn.prismic.io\/smef-next\/5095a27b-ad02-4722-8fff-3e03c41f444f_LV_-SME-FINANCE-UAB-GRUPAS-UZNEMUMU-AIZDEVUMA-LIGUMU-VISPAREJIE-NOTEIKUMI.pdf\" target=\"_blank\" rel=\"noopener noreferrer\">\u201eSME FINANCE\u201c, UAB GRUPAS UZ\u0145\u0112MUMU AIZDEVUMA L\u012aGUMU VISP\u0100R\u0112JIE NOTEIKUMI (sp\u0113k\u0101 no 2022-08-12 l\u012bdz 2022-10-02)<\/a><\/div><\/div><div><div class=\"sc-a33c1060-4 bjAvWZ\">\u00a0<\/div><div class=\"sc-7fa4df81-0 dTAMkK\"><a href=\"https:\/\/smef-next.cdn.prismic.io\/smef-next\/01297a58-f32f-4d83-b76a-687b7385033f_LV_-Paskolos-SME_FINANCE_UAB_GRUPAS_UZNEMUMU_aizdevuma_ligumu_visparejie_noteikumu_speka_no_03102022.pdf\" target=\"_blank\" rel=\"noopener noreferrer\">Arh\u012bvs: \u201eSME FINANCE\u201c, UAB GRUPAS UZ\u0145\u0112MUMU AIZDEVUMA L\u012aGUMU VISP\u0100R\u0112JIE NOTEIKUMI (sp\u0113k\u0101 no 2022-10-03 l\u012bdz 2023-02-19)<\/a><\/div><\/div><div>\u00a0<\/div><div><span class=\"sc-a33c1060-5 eJTHx\"><a href=\"https:\/\/smef-next.cdn.prismic.io\/smef-next\/e920c648-af29-4e53-8dd9-17772ac0872c_SME-FINANCE-UAB-GRUPAS-UZNEMUMU-AIZDEVUMA-LIGUMU-VISPAREJIE-NOTEIKUMI-1.pdf\" target=\"_blank\" rel=\"noopener noreferrer\">\u201eSME FINANCE\u201c, UAB GRUPAS UZ\u0145\u0112MUMU AIZDEVUMA L\u012aGUMU VISP\u0100R\u0112JIE NOTEIKUMI (sp\u0113k\u0101 no 2023-02-20 l\u012bdz 2024-08-19)<\/a><\/span><\/div><div>\u00a0<\/div><div><span class=\"sc-a33c1060-5 eJTHx\"><a href=\"https:\/\/smego.com\/wp-content\/uploads\/2024\/08\/LV_UAB-SME-FINANACE-group-companies-General-TC_20240820-1-1.pdf\" target=\"_blank\" rel=\"noopener noreferrer\">\u201eSME FINANCE\u201c, UAB GRUPAS UZ\u0145\u0112MUMU AIZDEVUMA L\u012aGUMU VISP\u0100R\u0112JIE NOTEIKUMI (sp\u0113k\u0101 no 2024-08-20)<\/a><\/span><\/div>\t\t\t\t\t\t\t\t<\/div>\n\t\t\t\t<\/div>\n\t\t\t\t\t<\/div>\n\t\t\t\t<\/div>\n\t\t\t\t\t<\/div>\n\t\t\t\t<\/div>\n\t\t<div data-particle_enable=\"false\" data-particle-mobile-disabled=\"false\" class=\"elementor-element elementor-element-e6ce897 e-flex e-con-boxed e-con e-parent\" data-id=\"e6ce897\" data-element_type=\"container\" data-e-type=\"container\" data-settings=\"{&quot;background_background&quot;:&quot;classic&quot;}\">\n\t\t\t\t\t<div class=\"e-con-inner\">\n\t\t<div data-particle_enable=\"false\" data-particle-mobile-disabled=\"false\" class=\"elementor-element elementor-element-7d21d4a e-flex e-con-boxed e-con e-child\" data-id=\"7d21d4a\" data-element_type=\"container\" data-e-type=\"container\" data-settings=\"{&quot;background_background&quot;:&quot;classic&quot;}\">\n\t\t\t\t\t<div class=\"e-con-inner\">\n\t\t\t\t<div class=\"elementor-element elementor-element-0e62332 elementor-widget elementor-widget-text-editor\" data-id=\"0e62332\" data-element_type=\"widget\" data-e-type=\"widget\" data-widget_type=\"text-editor.default\">\n\t\t\t\t<div class=\"elementor-widget-container\">\n\t\t\t\t\t\t\t\t\t<div><p class=\"sc-a33c1060-3 kLhtIY\">Arh\u012bvs: Visp\u0101r\u0113jie SME Finance l\u012bgumu noteikumi un nosac\u012bjumi<\/p><span class=\"sc-a33c1060-5 eJTHx\"><a href=\"https:\/\/smef-next.cdn.prismic.io\/smef-next\/fbee60ef-4f90-4c16-8104-31777dda262c_Classic_Factoring_GT_SME_Finance_LV.pdf\" target=\"_blank\" rel=\"noopener noreferrer\">UAB SME Finance faktoringa l\u012bgumu visp\u0101r\u0113jie noteikumi un nosac\u012bjumi (bija der\u012bgs l\u012bdz 2021-12-31)<\/a><\/span><\/div><div><div class=\"sc-7fa4df81-0 dTAMkK\">\u00a0<\/div><span class=\"sc-a33c1060-5 eJTHx\"><a href=\"https:\/\/smef-next.cdn.prismic.io\/smef-next\/10594151-3d76-4473-b734-284f8180a9fd_Classic_Factoring_GT_SME_Finance_LV+%281%29.pdf\" target=\"_blank\" rel=\"noopener noreferrer\">UAB SME Finance faktoringa l\u012bgumu visp\u0101r\u0113jie noteikumi un nosac\u012bjumi (sp\u0113k\u0101 no 2022-01-01 l\u012bdz 2022-09-25)<\/a><\/span><\/div>\t\t\t\t\t\t\t\t<\/div>\n\t\t\t\t<\/div>\n\t\t\t\t\t<\/div>\n\t\t\t\t<\/div>\n\t\t\t\t\t<\/div>\n\t\t\t\t<\/div>\n\t\t<div data-particle_enable=\"false\" data-particle-mobile-disabled=\"false\" class=\"elementor-element elementor-element-f354486 e-flex e-con-boxed e-con e-parent\" data-id=\"f354486\" data-element_type=\"container\" data-e-type=\"container\" data-settings=\"{&quot;background_background&quot;:&quot;classic&quot;}\">\n\t\t\t\t\t<div class=\"e-con-inner\">\n\t\t<div data-particle_enable=\"false\" data-particle-mobile-disabled=\"false\" class=\"elementor-element elementor-element-212816f e-flex e-con-boxed e-con e-child\" data-id=\"212816f\" data-element_type=\"container\" data-e-type=\"container\" data-settings=\"{&quot;background_background&quot;:&quot;classic&quot;}\">\n\t\t\t\t\t<div class=\"e-con-inner\">\n\t\t\t\t<div class=\"elementor-element elementor-element-c9724c3 elementor-widget elementor-widget-text-editor\" data-id=\"c9724c3\" data-element_type=\"widget\" data-e-type=\"widget\" data-widget_type=\"text-editor.default\">\n\t\t\t\t<div class=\"elementor-widget-container\">\n\t\t\t\t\t\t\t\t\t<div><p class=\"sc-a33c1060-3 kLhtIY\">Arh\u012bvs: Visp\u0101r\u0113jie SME Capital 2 l\u012bgumu noteikumi un nosac\u012bjumi<\/p><span class=\"sc-a33c1060-5 eJTHx\"><a href=\"https:\/\/smef-next.cdn.prismic.io\/smef-next\/727b94be-df4d-4e80-afc0-9f4747afd240_Classic_Factoring_GT_SME_Capital2_LV.pdf\" target=\"_blank\" rel=\"noopener noreferrer\">UAB SME Capital 2 faktoringa l\u012bgumu visp\u0101r\u0113jie noteikumi un nosac\u012bjumi (bija der\u012bgs l\u012bdz 2021-12-31)<\/a><\/span><\/div><div><div class=\"sc-7fa4df81-0 dTAMkK\">\u00a0<\/div><span class=\"sc-a33c1060-5 eJTHx\"><a href=\"https:\/\/smef-next.cdn.prismic.io\/smef-next\/be34895b-566d-4625-89f9-06d3c0c35010_Classic_Factoring_GT_SME_Capital2_LV+%281%29.pdf\" target=\"_blank\" rel=\"noopener noreferrer\">UAB SME Capital 2 faktoringa l\u012bgumu visp\u0101r\u0113jie noteikumi un nosac\u012bjumi (sp\u0113k\u0101 no 2022-01-01 l\u012bdz 2022-09-25)<\/a><\/span><\/div>\t\t\t\t\t\t\t\t<\/div>\n\t\t\t\t<\/div>\n\t\t\t\t\t<\/div>\n\t\t\t\t<\/div>\n\t\t\t\t\t<\/div>\n\t\t\t\t<\/div>\n\t\t<div data-particle_enable=\"false\" data-particle-mobile-disabled=\"false\" class=\"elementor-element elementor-element-e320434 e-flex e-con-boxed e-con e-parent\" data-id=\"e320434\" data-element_type=\"container\" data-e-type=\"container\" data-settings=\"{&quot;background_background&quot;:&quot;classic&quot;}\">\n\t\t\t\t\t<div class=\"e-con-inner\">\n\t\t<div data-particle_enable=\"false\" data-particle-mobile-disabled=\"false\" class=\"elementor-element elementor-element-19495e0 e-flex e-con-boxed e-con e-child\" data-id=\"19495e0\" data-element_type=\"container\" data-e-type=\"container\" data-settings=\"{&quot;background_background&quot;:&quot;classic&quot;}\">\n\t\t\t\t\t<div class=\"e-con-inner\">\n\t\t\t\t<div class=\"elementor-element elementor-element-4c37196 elementor-widget elementor-widget-text-editor\" data-id=\"4c37196\" data-element_type=\"widget\" data-e-type=\"widget\" data-widget_type=\"text-editor.default\">\n\t\t\t\t<div class=\"elementor-widget-container\">\n\t\t\t\t\t\t\t\t\t<div><div><p class=\"sc-a33c1060-3 kLhtIY\">Arh\u012bvs: Visp\u0101r\u0113jie SME Capital 3 l\u012bgumu noteikumi un nosac\u012bjumi<\/p><div class=\"sc-7fa4df81-0 dTAMkK\"><a href=\"https:\/\/smef-next.cdn.prismic.io\/smef-next\/91f5a5c4-3209-4804-b905-896b64bff936_UAB-SME-Capital-3-aizdevuma-li%CC%84guma-vispa%CC%84re%CC%84jie-noteikumi-un-nosaci%CC%84jumi-Spe%CC%84ka%CC%84-no-2021-04-19.pdf\" target=\"_blank\" rel=\"noopener noreferrer\">UAB SME Capital 3 aizdevuma l\u012bguma visp\u0101r\u0113jie noteikumi un nosac\u012bjumi (sp\u0113k\u0101 no 2021-04-19 l\u012bdz 2022-08-12)<\/a><\/div><\/div><div><div class=\"sc-a33c1060-4 bjAvWZ\">\u00a0<\/div><div class=\"sc-7fa4df81-0 dTAMkK\"><a href=\"https:\/\/smef-next.cdn.prismic.io\/smef-next\/52a2afdf-27c9-45b4-9cd6-f816c9e4353e_Classic_Factoring_GT_SME_Capital3_LV.pdf\" target=\"_blank\" rel=\"noopener noreferrer\">UAB SME Capital 3 faktoringa l\u012bgumu visp\u0101r\u0113jie noteikumi un nosac\u012bjumi (sp\u0113k\u0101 no 2022-01-01 l\u012bdz 2022-08-15)<\/a><\/div><\/div><div><div class=\"sc-7fa4df81-0 dTAMkK\">\u00a0<\/div><span class=\"sc-a33c1060-5 eJTHx\"><a href=\"https:\/\/smef-next.cdn.prismic.io\/smef-next\/4bf09c5c-0b83-431d-a81a-bace3d1c06b7_LV_Classic_Factoring_General_Terms_SME-Capital-3_LV_20220816.pdf\" target=\"_blank\" rel=\"noopener noreferrer\">UAB SME Capital 3 faktoringa l\u012bgumu visp\u0101r\u0113jie noteikumi un nosac\u012bjumi (sp\u0113k\u0101 no 2022-08-16 l\u012bdz 2022-09-25)<\/a><\/span><\/div><\/div><div>\u00a0<\/div>\t\t\t\t\t\t\t\t<\/div>\n\t\t\t\t<\/div>\n\t\t\t\t\t<\/div>\n\t\t\t\t<\/div>\n\t\t\t\t\t<\/div>\n\t\t\t\t<\/div>\n\t\t<div data-particle_enable=\"false\" data-particle-mobile-disabled=\"false\" class=\"elementor-element elementor-element-3f5241c e-flex e-con-boxed e-con e-parent\" data-id=\"3f5241c\" data-element_type=\"container\" data-e-type=\"container\" data-settings=\"{&quot;background_background&quot;:&quot;classic&quot;}\">\n\t\t\t\t\t<div class=\"e-con-inner\">\n\t\t<div data-particle_enable=\"false\" data-particle-mobile-disabled=\"false\" class=\"elementor-element elementor-element-0b6d674 e-flex e-con-boxed e-con e-child\" data-id=\"0b6d674\" data-element_type=\"container\" data-e-type=\"container\" data-settings=\"{&quot;background_background&quot;:&quot;classic&quot;}\">\n\t\t\t\t\t<div class=\"e-con-inner\">\n\t\t\t\t<div class=\"elementor-element elementor-element-aabb733 elementor-widget elementor-widget-text-editor\" data-id=\"aabb733\" data-element_type=\"widget\" data-e-type=\"widget\" data-widget_type=\"text-editor.default\">\n\t\t\t\t<div class=\"elementor-widget-container\">\n\t\t\t\t\t\t\t\t\t<div><div><p class=\"sc-a33c1060-3 kLhtIY\">Arh\u012bvs: Visp\u0101r\u0113jie SME Loans l\u012bgumu noteikumi un nosac\u012bjumi<\/p><p class=\"sc-a33c1060-3 kLhtIY\"><span class=\"sc-a33c1060-5 eJTHx\"><a href=\"https:\/\/smef-next.cdn.prismic.io\/smef-next\/ac3e2036-0698-4bfa-9a4b-9244f8a41871_UAB-SME-Loans-aizdevuma-li%CC%84guma-vispa%CC%84re%CC%84jie-noteikumi-un-nosaci%CC%84jumi-Spe%CC%84ka%CC%84-no-2021-04-19.pdf\" target=\"_blank\" rel=\"noopener noreferrer\">UAB SME Loans aizdevuma l\u012bguma visp\u0101r\u0113jie noteikumi un nosac\u012bjumi (sp\u0113k\u0101 no 2021-04-19 l\u012bdz 2022-08-12)<\/a><\/span><\/p><\/div><\/div>\t\t\t\t\t\t\t\t<\/div>\n\t\t\t\t<\/div>\n\t\t\t\t\t<\/div>\n\t\t\t\t<\/div>\n\t\t\t\t\t<\/div>\n\t\t\t\t<\/div>\n\t\t\t\t<\/div>\n\t\t","protected":false},"excerpt":{"rendered":"<p>Pakalpojumu snieg\u0161anas noteikumi \u201eSME FINANCE\u201c, UAB GRUPAS UZ\u0145\u0112MUMU AIZDEVUMA L\u012aGUMU VISP\u0100R\u0112JIE NOTEIKUMI \u201eSME FINANCE\u201c, UAB GRUPAS UZ\u0145\u0112MUMU AIZDEVUMA L\u012aGUMU VISP\u0100R\u0112JIE NOTEIKUMI (sp\u0113k\u0101 no 2025-06-11) \u201eSME FINANCE\u201c, UAB GRUPAS UZ\u0145\u0112MUMU FAKTORINGA L\u012aGUMU VISP\u0100R\u0112JIE NOTEIKUMI \u201eSME FINANCE\u201c, UAB GRUPAS UZ\u0145\u0112MUMU FAKTORINGA L\u012aGUMU VISP\u0100R\u0112JIE NOTEIKUMI (sp\u0113k\u0101 no 2022-09-26) \u201eSME FINANCE\u201c, UAB GRUPAS UZ\u0145\u0112MUMU VISP\u0100R\u0112JIE PAR\u0100DA APDRO\u0160IN\u0100\u0160ANAS NOTEIKUMI FAKTORINGA [&hellip;]<\/p>\n","protected":false},"author":10,"featured_media":0,"parent":0,"menu_order":0,"comment_status":"closed","ping_status":"closed","template":"elementor_header_footer","meta":{"footnotes":""},"class_list":["post-17239","page","type-page","status-publish","hentry"],"aioseo_notices":[],"_links":{"self":[{"href":"https:\/\/smego.com\/lv\/wp-json\/wp\/v2\/pages\/17239","targetHints":{"allow":["GET"]}}],"collection":[{"href":"https:\/\/smego.com\/lv\/wp-json\/wp\/v2\/pages"}],"about":[{"href":"https:\/\/smego.com\/lv\/wp-json\/wp\/v2\/types\/page"}],"author":[{"embeddable":true,"href":"https:\/\/smego.com\/lv\/wp-json\/wp\/v2\/users\/10"}],"replies":[{"embeddable":true,"href":"https:\/\/smego.com\/lv\/wp-json\/wp\/v2\/comments?post=17239"}],"version-history":[{"count":34,"href":"https:\/\/smego.com\/lv\/wp-json\/wp\/v2\/pages\/17239\/revisions"}],"predecessor-version":[{"id":24006,"href":"https:\/\/smego.com\/lv\/wp-json\/wp\/v2\/pages\/17239\/revisions\/24006"}],"wp:attachment":[{"href":"https:\/\/smego.com\/lv\/wp-json\/wp\/v2\/media?parent=17239"}],"curies":[{"name":"wp","href":"https:\/\/api.w.org\/{rel}","templated":true}]}}