{"id":23846,"date":"2025-05-19T17:09:17","date_gmt":"2025-05-19T14:09:17","guid":{"rendered":"https:\/\/smego.com\/?page_id=23846"},"modified":"2025-05-19T17:15:18","modified_gmt":"2025-05-19T14:15:18","slug":"candidate-privacy-policy","status":"publish","type":"page","link":"https:\/\/smego.com\/lt\/candidate-privacy-policy\/","title":{"rendered":"Candidate Privacy Policy"},"content":{"rendered":"\t\t<div data-elementor-type=\"wp-page\" data-elementor-id=\"23846\" class=\"elementor elementor-23846\" data-elementor-post-type=\"page\">\n\t\t\t\t<div data-particle_enable=\"false\" data-particle-mobile-disabled=\"false\" class=\"elementor-element elementor-element-cf2d2c7 e-flex e-con-boxed e-con e-parent\" data-id=\"cf2d2c7\" data-element_type=\"container\" data-e-type=\"container\">\n\t\t\t\t\t<div class=\"e-con-inner\">\n\t\t<div data-particle_enable=\"false\" data-particle-mobile-disabled=\"false\" class=\"elementor-element elementor-element-b25da8b e-con-full e-flex e-con e-child\" data-id=\"b25da8b\" data-element_type=\"container\" data-e-type=\"container\">\n\t\t\t\t<div class=\"elementor-element elementor-element-2271981 elementor-widget__width-initial elementor-widget elementor-widget-heading\" data-id=\"2271981\" data-element_type=\"widget\" data-e-type=\"widget\" data-widget_type=\"heading.default\">\n\t\t\t\t<div class=\"elementor-widget-container\">\n\t\t\t\t\t<h3 class=\"elementor-heading-title elementor-size-default\">Kandidat\u0173 \u012f darbuotojus privatumo politika<\/h3>\t\t\t\t<\/div>\n\t\t\t\t<\/div>\n\t\t\t\t<div class=\"elementor-element elementor-element-1823e2c elementor-align-center elementor-widget elementor-widget-button\" data-id=\"1823e2c\" data-element_type=\"widget\" data-e-type=\"widget\" data-widget_type=\"button.default\">\n\t\t\t\t<div class=\"elementor-widget-container\">\n\t\t\t\t\t\t\t\t\t<div class=\"elementor-button-wrapper\">\n\t\t\t\t\t<a class=\"elementor-button elementor-button-link elementor-size-sm\" href=\"https:\/\/smego.com\/wp-content\/uploads\/2024\/11\/Kandidatu-privatumo-pranesimas.SME-Finance.2024-07-26.v1-FINAL.pdf\">\n\t\t\t\t\t\t<span class=\"elementor-button-content-wrapper\">\n\t\t\t\t\t\t\t\t\t<span class=\"elementor-button-text\">Atsisi\u0173sti PDF<\/span>\n\t\t\t\t\t<\/span>\n\t\t\t\t\t<\/a>\n\t\t\t\t<\/div>\n\t\t\t\t\t\t\t\t<\/div>\n\t\t\t\t<\/div>\n\t\t\t\t<\/div>\n\t\t\t\t\t<\/div>\n\t\t\t\t<\/div>\n\t\t\t\t<\/div>\n\t\t","protected":false},"excerpt":{"rendered":"<p>Kandidat\u0173 \u012f darbuotojus privatumo politika Atsisi\u0173sti PDF<\/p>\n","protected":false},"author":10,"featured_media":0,"parent":0,"menu_order":0,"comment_status":"closed","ping_status":"open","template":"","meta":{"footnotes":""},"class_list":["post-23846","page","type-page","status-publish","hentry"],"aioseo_notices":[],"_links":{"self":[{"href":"https:\/\/smego.com\/lt\/wp-json\/wp\/v2\/pages\/23846","targetHints":{"allow":["GET"]}}],"collection":[{"href":"https:\/\/smego.com\/lt\/wp-json\/wp\/v2\/pages"}],"about":[{"href":"https:\/\/smego.com\/lt\/wp-json\/wp\/v2\/types\/page"}],"author":[{"embeddable":true,"href":"https:\/\/smego.com\/lt\/wp-json\/wp\/v2\/users\/10"}],"replies":[{"embeddable":true,"href":"https:\/\/smego.com\/lt\/wp-json\/wp\/v2\/comments?post=23846"}],"version-history":[{"count":4,"href":"https:\/\/smego.com\/lt\/wp-json\/wp\/v2\/pages\/23846\/revisions"}],"predecessor-version":[{"id":23851,"href":"https:\/\/smego.com\/lt\/wp-json\/wp\/v2\/pages\/23846\/revisions\/23851"}],"wp:attachment":[{"href":"https:\/\/smego.com\/lt\/wp-json\/wp\/v2\/media?parent=23846"}],"curies":[{"name":"wp","href":"https:\/\/api.w.org\/{rel}","templated":true}]}}