{"id":23703,"date":"2025-04-10T10:24:48","date_gmt":"2025-04-10T07:24:48","guid":{"rendered":"https:\/\/smego.com\/?page_id=23703"},"modified":"2025-04-10T10:35:12","modified_gmt":"2025-04-10T07:35:12","slug":"pateikti-skunda","status":"publish","type":"page","link":"https:\/\/smego.com\/lt\/pateikti-skunda\/","title":{"rendered":"Pateikti skunda"},"content":{"rendered":"\t\t<div data-elementor-type=\"wp-page\" data-elementor-id=\"23703\" class=\"elementor elementor-23703\" data-elementor-post-type=\"page\">\n\t\t\t\t<div data-particle_enable=\"false\" data-particle-mobile-disabled=\"false\" class=\"elementor-element elementor-element-13d95e2 e-flex e-con-boxed e-con e-parent\" data-id=\"13d95e2\" data-element_type=\"container\" data-e-type=\"container\" data-settings=\"{&quot;background_background&quot;:&quot;classic&quot;}\">\n\t\t\t\t\t<div class=\"e-con-inner\">\n\t\t\t\t<div class=\"elementor-element elementor-element-706657c elementor-widget elementor-widget-heading\" data-id=\"706657c\" data-element_type=\"widget\" data-e-type=\"widget\" data-widget_type=\"heading.default\">\n\t\t\t\t<div class=\"elementor-widget-container\">\n\t\t\t\t\t<h2 class=\"elementor-heading-title elementor-size-default\">Pateikti skund\u0105<\/h2>\t\t\t\t<\/div>\n\t\t\t\t<\/div>\n\t\t\t\t\t<\/div>\n\t\t\t\t<\/div>\n\t\t<div data-particle_enable=\"false\" data-particle-mobile-disabled=\"false\" class=\"elementor-element elementor-element-9be0243 e-flex e-con-boxed e-con e-parent\" data-id=\"9be0243\" data-element_type=\"container\" data-e-type=\"container\" data-settings=\"{&quot;background_background&quot;:&quot;classic&quot;}\">\n\t\t\t\t\t<div class=\"e-con-inner\">\n\t\t<div data-particle_enable=\"false\" data-particle-mobile-disabled=\"false\" class=\"elementor-element elementor-element-04a9ace e-flex e-con-boxed e-con e-child\" data-id=\"04a9ace\" data-element_type=\"container\" data-e-type=\"container\" data-settings=\"{&quot;background_background&quot;:&quot;classic&quot;}\">\n\t\t\t\t\t<div class=\"e-con-inner\">\n\t\t\t\t<div class=\"elementor-element elementor-element-0975990 elementor-widget elementor-widget-text-editor\" data-id=\"0975990\" data-element_type=\"widget\" data-e-type=\"widget\" data-widget_type=\"text-editor.default\">\n\t\t\t\t<div class=\"elementor-widget-container\">\n\t\t\t\t\t\t\t\t\t<p class=\"x_MsoNormal\"><i><span lang=\"LT\" data-olk-copy-source=\"MessageBody\"><b>J\u016bs turite teis\u0119 pateikti skundus bet kokiais klausimais, susijusiais su Sutar\u010di\u0173, sudaryt\u0173 tarp J\u016bs\u0173 ir UAB SME Finance (bei jos grup\u0117s \u012fmoni\u0173), vykdymu ir\/ar nevykdymu.<\/b><\/span><\/i><\/p><p class=\"x_MsoNormal\"><i><span lang=\"LT\"><b>\u00a0<\/b><\/span><\/i><\/p><p class=\"x_MsoNormal\"><i><span lang=\"LT\"><b>Skundus galite pateikti \u0161iais \u017eemiau nurodytais kontaktais. \u0160iais kontaktais J\u016bs\u0173 skundai pasieks ne pardavim\u0173 komand\u0105 \u2013 juos per\u017ei\u016br\u0117s atskiri m\u016bs\u0173 paskirti administracijos darbuotojai, kurie apie J\u016bs\u0173 skund\u0105 informuos \u012fmon\u0117s vadov\u0105.<\/b><\/span><\/i><\/p><p class=\"x_MsoNormal\"><i><span lang=\"LT\"><b>\u00a0<\/b><\/span><\/i><\/p><p class=\"x_MsoNormal\"><i><span lang=\"LT\"><b>Skund\u0173 pateikimo rekvizitai:<\/b><\/span><\/i><\/p><p class=\"x_MsoNormal\"><i><span lang=\"LT\"><b>\u00a0<\/b><\/span><\/i><\/p><p class=\"x_MsoNormal\"><b><i><span lang=\"LT\">Elektroninis pa\u0161tas:\u00a0<a title=\"mailto:DPO@smefinance.lt\" href=\"mailto:DPO@smefinance.lt\" data-linkindex=\"0\">DPO<span lang=\"NL\">@smefinance.lt<\/span><\/a><\/span><\/i><i><\/i><\/b><\/p><p class=\"x_MsoNormal\"><b><i><span lang=\"NL\">Adresas fiziniam pa<\/span><\/i><i><span lang=\"LT\">\u0161tui (arba skundo pristatymui \u012f biur\u0105): Antano Tum\u0117no g.\u00a0<\/span><\/i><i><span lang=\"NL\">4-16, 01110 Vilnius, Lietuva<\/span><\/i><\/b><\/p><p class=\"x_MsoNormal\"><i><span lang=\"NL\"><b>\u00a0<\/b><\/span><\/i><\/p><p class=\"x_MsoNormal\"><b><i><span lang=\"NL\">Taip pat pra<\/span><\/i><i><span lang=\"LT\">\u0161ome susipa\u017einti su m\u016bs\u0173 skund\u0173 politika. \u012e J\u016bs\u0173 skund\u0105 bus atsakyta joje nurodyta tvarka ir terminais.<\/span><\/i><\/b><\/p><p>\u00a0<\/p><p><span class=\"sc-a33c1060-5 eJTHx\"><a href=\"https:\/\/smego.com\/wp-content\/uploads\/2025\/04\/smeGo-group-Client-complaint-handling-procedure-2024.pdf\" target=\"_blank\" rel=\"noopener\"><b>smeGo group Client complaint handling procedure 2024<\/b><\/a><\/span><\/p>\t\t\t\t\t\t\t\t<\/div>\n\t\t\t\t<\/div>\n\t\t\t\t\t<\/div>\n\t\t\t\t<\/div>\n\t\t\t\t\t<\/div>\n\t\t\t\t<\/div>\n\t\t\t\t<\/div>\n\t\t","protected":false},"excerpt":{"rendered":"<p>Pateikti skund\u0105 J\u016bs turite teis\u0119 pateikti skundus bet kokiais klausimais, susijusiais su Sutar\u010di\u0173, sudaryt\u0173 tarp J\u016bs\u0173 ir UAB SME Finance (bei jos grup\u0117s \u012fmoni\u0173), vykdymu ir\/ar nevykdymu. \u00a0 Skundus galite pateikti \u0161iais \u017eemiau nurodytais kontaktais. \u0160iais kontaktais J\u016bs\u0173 skundai pasieks ne pardavim\u0173 komand\u0105 \u2013 juos per\u017ei\u016br\u0117s atskiri m\u016bs\u0173 paskirti administracijos darbuotojai, kurie apie J\u016bs\u0173 skund\u0105 [&hellip;]<\/p>\n","protected":false},"author":10,"featured_media":0,"parent":0,"menu_order":0,"comment_status":"closed","ping_status":"closed","template":"elementor_header_footer","meta":{"footnotes":""},"class_list":["post-23703","page","type-page","status-publish","hentry"],"aioseo_notices":[],"_links":{"self":[{"href":"https:\/\/smego.com\/lt\/wp-json\/wp\/v2\/pages\/23703","targetHints":{"allow":["GET"]}}],"collection":[{"href":"https:\/\/smego.com\/lt\/wp-json\/wp\/v2\/pages"}],"about":[{"href":"https:\/\/smego.com\/lt\/wp-json\/wp\/v2\/types\/page"}],"author":[{"embeddable":true,"href":"https:\/\/smego.com\/lt\/wp-json\/wp\/v2\/users\/10"}],"replies":[{"embeddable":true,"href":"https:\/\/smego.com\/lt\/wp-json\/wp\/v2\/comments?post=23703"}],"version-history":[{"count":7,"href":"https:\/\/smego.com\/lt\/wp-json\/wp\/v2\/pages\/23703\/revisions"}],"predecessor-version":[{"id":23710,"href":"https:\/\/smego.com\/lt\/wp-json\/wp\/v2\/pages\/23703\/revisions\/23710"}],"wp:attachment":[{"href":"https:\/\/smego.com\/lt\/wp-json\/wp\/v2\/media?parent=23703"}],"curies":[{"name":"wp","href":"https:\/\/api.w.org\/{rel}","templated":true}]}}