{"id":17237,"date":"2024-02-19T12:57:54","date_gmt":"2024-02-19T10:57:54","guid":{"rendered":"https:\/\/smego.com\/terms-and-conditions\/"},"modified":"2025-02-28T08:35:51","modified_gmt":"2025-02-28T06:35:51","slug":"terms-and-conditions","status":"publish","type":"page","link":"https:\/\/smego.com\/fi\/terms-and-conditions\/","title":{"rendered":"Terms and Conditions"},"content":{"rendered":"\t\t<div data-elementor-type=\"wp-page\" data-elementor-id=\"17237\" class=\"elementor elementor-17237 elementor-17227\" data-elementor-post-type=\"page\">\n\t\t\t\t<div data-particle_enable=\"false\" data-particle-mobile-disabled=\"false\" class=\"elementor-element elementor-element-13d95e2 e-flex e-con-boxed e-con e-parent\" data-id=\"13d95e2\" data-element_type=\"container\" data-e-type=\"container\" data-settings=\"{&quot;background_background&quot;:&quot;classic&quot;}\">\n\t\t\t\t\t<div class=\"e-con-inner\">\n\t\t\t\t<div class=\"elementor-element elementor-element-706657c elementor-widget elementor-widget-heading\" data-id=\"706657c\" data-element_type=\"widget\" data-e-type=\"widget\" data-widget_type=\"heading.default\">\n\t\t\t\t<div class=\"elementor-widget-container\">\n\t\t\t\t\t<h2 class=\"elementor-heading-title elementor-size-default\">Yleiset sopimusehdot<\/h2>\t\t\t\t<\/div>\n\t\t\t\t<\/div>\n\t\t\t\t\t<\/div>\n\t\t\t\t<\/div>\n\t\t<div data-particle_enable=\"false\" data-particle-mobile-disabled=\"false\" class=\"elementor-element elementor-element-9be0243 e-flex e-con-boxed e-con e-parent\" data-id=\"9be0243\" data-element_type=\"container\" data-e-type=\"container\" data-settings=\"{&quot;background_background&quot;:&quot;classic&quot;}\">\n\t\t\t\t\t<div class=\"e-con-inner\">\n\t\t<div data-particle_enable=\"false\" data-particle-mobile-disabled=\"false\" class=\"elementor-element elementor-element-04a9ace e-flex e-con-boxed e-con e-child\" data-id=\"04a9ace\" data-element_type=\"container\" data-e-type=\"container\" data-settings=\"{&quot;background_background&quot;:&quot;classic&quot;}\">\n\t\t\t\t\t<div class=\"e-con-inner\">\n\t\t\t\t<div class=\"elementor-element elementor-element-0975990 elementor-widget elementor-widget-text-editor\" data-id=\"0975990\" data-element_type=\"widget\" data-e-type=\"widget\" data-widget_type=\"text-editor.default\">\n\t\t\t\t<div class=\"elementor-widget-container\">\n\t\t\t\t\t\t\t\t\t<div class=\"sc-914afa3a-2 iKbkIp\"><div class=\"sc-a33c1060-0 QAcJH\"><div class=\"sc-a33c1060-1 iyiqoK\"><p>SME Financen ja kaikkien SME Finance &#8211; konsernin yritysten (SME Finance, SME Capital, SME Capital 2, SME Capital 3, SME Credit ja SME Loans) yleiset ehdot<\/p><p class=\"sc-a33c1060-3 kLhtIY\"><a style=\"font-family: var( --e-global-typography-text-font-family ), Sans-serif; font-size: var( --e-global-typography-text-font-size ); font-weight: var( --e-global-typography-text-font-weight ); text-align: var(--text-align); background-color: #ffffff;\" href=\"https:\/\/smego.com\/wp-content\/uploads\/2025\/02\/FIN-EN-Loan-UAB-SME-FINANACE-group-companies-General-TC-2025-Feb-26.pdf\">SME Financen ja kaikkien SME Finance &#8211; konsernin yritysten (SME Finance, SME Capital, SME Capital 2, SME Capital 3, SME Credit ja SME Loans) lainasopimusten yleiset ehdot (voimassa 26.2.2025 alkaen)<\/a><\/p><\/div><\/div><\/div>\t\t\t\t\t\t\t\t<\/div>\n\t\t\t\t<\/div>\n\t\t\t\t\t<\/div>\n\t\t\t\t<\/div>\n\t\t\t\t\t<\/div>\n\t\t\t\t<\/div>\n\t\t<div data-particle_enable=\"false\" data-particle-mobile-disabled=\"false\" class=\"elementor-element elementor-element-838015c e-flex e-con-boxed e-con e-parent\" data-id=\"838015c\" data-element_type=\"container\" data-e-type=\"container\" data-settings=\"{&quot;background_background&quot;:&quot;classic&quot;}\">\n\t\t\t\t\t<div class=\"e-con-inner\">\n\t\t<div data-particle_enable=\"false\" data-particle-mobile-disabled=\"false\" class=\"elementor-element elementor-element-9dc3f2e e-flex e-con-boxed e-con e-child\" data-id=\"9dc3f2e\" data-element_type=\"container\" data-e-type=\"container\" data-settings=\"{&quot;background_background&quot;:&quot;classic&quot;}\">\n\t\t\t\t\t<div class=\"e-con-inner\">\n\t\t\t\t<div class=\"elementor-element elementor-element-63185cf elementor-widget elementor-widget-text-editor\" data-id=\"63185cf\" data-element_type=\"widget\" data-e-type=\"widget\" data-widget_type=\"text-editor.default\">\n\t\t\t\t<div class=\"elementor-widget-container\">\n\t\t\t\t\t\t\t\t\t<div class=\"sc-914afa3a-2 iKbkIp\"><div class=\"sc-a33c1060-0 QAcJH\"><div class=\"sc-a33c1060-1 iyiqoK\"><p class=\"sc-a33c1060-3 kLhtIY\">Yleiset sopimusehdot eiv\u00e4t ole en\u00e4\u00e4 voimassa:<\/p><p><span class=\"sc-a33c1060-5 eJTHx\"><a href=\"https:\/\/smef-next.cdn.prismic.io\/smef-next\/2a5a5851-d072-4e6b-95b0-2d4da51e8cda_FIN-EN-Loan-UAB-SME-FINANACE-group-companies-General-TC-aktualu-nuo-2022-06-30_2.pdf\" target=\"_blank\" rel=\"noopener\">SME Financen ja kaikkien SME Finance &#8211; konsernin yritysten (SME Finance, SME Capital, SME Capital 2, SME Capital 3, SME Credit ja SME Loans) lainasopimusten yleiset ehdot (voimassa 30.6.2022 &#8211; 25.2.2025)<\/a><\/span><\/p><\/div><\/div><\/div>\t\t\t\t\t\t\t\t<\/div>\n\t\t\t\t<\/div>\n\t\t\t\t\t<\/div>\n\t\t\t\t<\/div>\n\t\t\t\t\t<\/div>\n\t\t\t\t<\/div>\n\t\t\t\t<\/div>\n\t\t","protected":false},"excerpt":{"rendered":"<p>Yleiset sopimusehdot SME Financen ja kaikkien SME Finance &#8211; konsernin yritysten (SME Finance, SME Capital, SME Capital 2, SME Capital 3, SME Credit ja SME Loans) yleiset ehdot SME Financen ja kaikkien SME Finance &#8211; konsernin yritysten (SME Finance, SME Capital, SME Capital 2, SME Capital 3, SME Credit ja SME Loans) lainasopimusten yleiset ehdot [&hellip;]<\/p>\n","protected":false},"author":10,"featured_media":0,"parent":0,"menu_order":0,"comment_status":"closed","ping_status":"closed","template":"elementor_header_footer","meta":{"footnotes":""},"class_list":["post-17237","page","type-page","status-publish","hentry"],"aioseo_notices":[],"_links":{"self":[{"href":"https:\/\/smego.com\/fi\/wp-json\/wp\/v2\/pages\/17237","targetHints":{"allow":["GET"]}}],"collection":[{"href":"https:\/\/smego.com\/fi\/wp-json\/wp\/v2\/pages"}],"about":[{"href":"https:\/\/smego.com\/fi\/wp-json\/wp\/v2\/types\/page"}],"author":[{"embeddable":true,"href":"https:\/\/smego.com\/fi\/wp-json\/wp\/v2\/users\/10"}],"replies":[{"embeddable":true,"href":"https:\/\/smego.com\/fi\/wp-json\/wp\/v2\/comments?post=17237"}],"version-history":[{"count":10,"href":"https:\/\/smego.com\/fi\/wp-json\/wp\/v2\/pages\/17237\/revisions"}],"predecessor-version":[{"id":23612,"href":"https:\/\/smego.com\/fi\/wp-json\/wp\/v2\/pages\/17237\/revisions\/23612"}],"wp:attachment":[{"href":"https:\/\/smego.com\/fi\/wp-json\/wp\/v2\/media?parent=17237"}],"curies":[{"name":"wp","href":"https:\/\/api.w.org\/{rel}","templated":true}]}}