{"id":16694,"date":"2024-02-19T09:51:17","date_gmt":"2024-02-19T07:51:17","guid":{"rendered":"https:\/\/smego.com\/?page_id=16694"},"modified":"2024-02-19T09:52:25","modified_gmt":"2024-02-19T07:52:25","slug":"news-room","status":"publish","type":"page","link":"https:\/\/smego.com\/fi\/news-room\/","title":{"rendered":"News Room"},"content":{"rendered":"\t\t<div data-elementor-type=\"wp-page\" data-elementor-id=\"16694\" class=\"elementor elementor-16694\" data-elementor-post-type=\"page\">\n\t\t\t\t<div data-particle_enable=\"false\" data-particle-mobile-disabled=\"false\" class=\"elementor-element elementor-element-f2e76c3 e-flex e-con-boxed e-con e-parent\" data-id=\"f2e76c3\" data-element_type=\"container\" data-e-type=\"container\" data-settings=\"{&quot;background_background&quot;:&quot;classic&quot;}\">\n\t\t\t\t\t<div class=\"e-con-inner\">\n\t\t\t\t<div class=\"elementor-element elementor-element-9454eb7 elementor-widget elementor-widget-heading\" data-id=\"9454eb7\" data-element_type=\"widget\" data-e-type=\"widget\" data-widget_type=\"heading.default\">\n\t\t\t\t<div class=\"elementor-widget-container\">\n\t\t\t\t\t<h2 class=\"elementor-heading-title elementor-size-default\">Uutiset<\/h2>\t\t\t\t<\/div>\n\t\t\t\t<\/div>\n\t\t\t\t<div class=\"elementor-element elementor-element-a4e3c38 uael-post__link-complete-yes uael-equal__height-yes uael-posts-thumbnail-ratio uael-post__content-align-left elementor-widget elementor-widget-uael-posts\" data-id=\"a4e3c38\" data-element_type=\"widget\" data-e-type=\"widget\" data-settings=\"{&quot;business_slides_to_show&quot;:3,&quot;business_slides_to_show_tablet&quot;:2,&quot;business_slides_to_show_mobile&quot;:1,&quot;business_pagination_type&quot;:&quot;ajax&quot;,&quot;business_show_filters&quot;:&quot;no&quot;}\" data-widget_type=\"uael-posts.business\">\n\t\t\t\t<div class=\"elementor-widget-container\">\n\t\t\t\t\t\t\t<div class=\"uael-post__header\">\n\t\t\t\t\t<\/div>\n\t\t<div class=\"uael-post__body\">\n\t\t\t\n\t\t\n\t\t<div class=\"uael-blog-terms-position- uael-post-image-top uael-post-grid uael-posts\" data-query-type=\"custom\" data-structure=\"normal\" data-layout=\"\" data-page=\"16694\" data-skin=\"business\" data-filter-default=\"\" data-offset-top=\"30\" >\n\n\t\t\t\t\t\t\t<div class=\"uael-post-grid__inner uael-post__columns-3 uael-post__columns-tablet-2 uael-post__columns-mobile-1\">\n\t\t\t\n\n<div class=\"uael-post-wrapper   news \">\n\t<div class=\"uael-post__bg-wrap uael-bg-wrap-disabled\">\n\n\t\t\t\t\t<a href=\"https:\/\/smego.com\/fi\/smego-paassyt-suomessa-vahvaan-kasvuun-nyt-vetaa-kiinteistorahoitus\/\" target=\"_blank\" class=\"uael-post__complete-box-overlay\" aria-label=\"Link Complete Box\"><\/a>\n\t\t\t\t\n\t\t<div class=\"uael-post__inner-wrap uael-inner-wrap-disabled\">\n\n\t\t\t\t<div class=\"uael-post__thumbnail\">\n\t\t\t\n\t\t\t<a href=\"https:\/\/smego.com\/fi\/smego-paassyt-suomessa-vahvaan-kasvuun-nyt-vetaa-kiinteistorahoitus\/\" target=\"_self\" title=\"smeGo p\u00e4\u00e4ssyt Suomessa vahvaan kasvuun &#8211; nyt vet\u00e4\u00e4 kiinteist\u00f6rahoitus\"><img fetchpriority=\"high\" decoding=\"async\" width=\"1480\" height=\"960\" src=\"https:\/\/smego.com\/wp-content\/uploads\/2024\/07\/smeGo-Reaches-E2-Billion-Milestone-in-Total-Financed-Amount-2.png\" class=\"attachment-full size-full wp-image-21655\" alt=\"\" srcset=\"https:\/\/smego.com\/wp-content\/uploads\/2024\/07\/smeGo-Reaches-E2-Billion-Milestone-in-Total-Financed-Amount-2.png 1480w, https:\/\/smego.com\/wp-content\/uploads\/2024\/07\/smeGo-Reaches-E2-Billion-Milestone-in-Total-Financed-Amount-2-300x195.png 300w, https:\/\/smego.com\/wp-content\/uploads\/2024\/07\/smeGo-Reaches-E2-Billion-Milestone-in-Total-Financed-Amount-2-1024x664.png 1024w, https:\/\/smego.com\/wp-content\/uploads\/2024\/07\/smeGo-Reaches-E2-Billion-Milestone-in-Total-Financed-Amount-2-768x498.png 768w\" sizes=\"(max-width: 1480px) 100vw, 1480px\" \/><\/a>\n\t\t\t\t\t<\/div>\n\t\t\n\t\t\t\n\t\t\t<div class=\"uael-post__content-wrap uael-content-wrap-disabled\">\n\t\t\t\t\t\t<h3 class=\"uael-post__title\">\n\n\t\t\n\t\t\t\t\t\t<a href=\"https:\/\/smego.com\/fi\/smego-paassyt-suomessa-vahvaan-kasvuun-nyt-vetaa-kiinteistorahoitus\/\" target=\"_self\">\n\t\t\t\tsmeGo p\u00e4\u00e4ssyt Suomessa vahvaan kasvuun &#8211; nyt vet\u00e4\u00e4 kiinteist\u00f6rahoitus\t\t\t<\/a>\n\n\t\t\t\t<\/h3>\n\t\t\t\t\t<div class=\"uael-post__meta-data\">\n\t\t\t\t\t<span class=\"uael-post__date\">\n\t\t\t\t\t\t\t\t\t\t\t\t\t<svg aria-hidden=\"true\" class=\"e-font-icon-svg e-fa-calendar\" viewBox=\"0 0 448 512\" xmlns=\"http:\/\/www.w3.org\/2000\/svg\"><path d=\"M12 192h424c6.6 0 12 5.4 12 12v260c0 26.5-21.5 48-48 48H48c-26.5 0-48-21.5-48-48V204c0-6.6 5.4-12 12-12zm436-44v-36c0-26.5-21.5-48-48-48h-48V12c0-6.6-5.4-12-12-12h-40c-6.6 0-12 5.4-12 12v52H160V12c0-6.6-5.4-12-12-12h-40c-6.6 0-12 5.4-12 12v52H48C21.5 64 0 85.5 0 112v36c0 6.6 5.4 12 12 12h424c6.6 0 12-5.4 12-12z\"><\/path><\/svg>\t\t\t\t\t\t\t\t\t\n\t\t\tJuly 25, 2024\t\t<\/span>\n\t\t\t\t<\/div>\n\t\t<div class=\"uael-post__separator-wrap\"><div class=\"uael-post__separator uael-post__gradient-separator\"><\/div><\/div>\n\t\t<div class=\"uael-post__excerpt\">\n\t\t\tSuomen talouskasvun laimeudesta huolimatta kansainv\u00e4linen pk-yritysten rahoittaja smeGo on ylt\u00e4nyt nopeaan kasvuun Suomessa. smeGon Suomen maajohtajan Matias Peltoniemen mukaan yhti\u00f6n lainakanta on&nbsp; kasvanut 90 prosenttia ...\t\t<\/div>\n\n\t\t\t\t\t<a class=\"uael-post__read-more elementor-button\" href=\"https:\/\/smego.com\/fi\/smego-paassyt-suomessa-vahvaan-kasvuun-nyt-vetaa-kiinteistorahoitus\/\" target=\"_self\" aria-labelledby=\"uael-post-21654\">\n\t\t\t\t\t<span class=\"elementor-button-content-wrapper\">\n\t\t\t\t\t\t\t\t\t\t\t\t\t\t<span class=\"elementor-button-icon elementor-align-icon-left\">\n\n\t\t\t\t\t\t\t\t\t\n\t\t\t\t\t\t\t\t<\/span>\n\t\t\t\t\t\t\t\t\t\t\t\t\t\n\t\t\t\t\t\t<span class=\"elementor-button-text\" id=uael-post-21654>Skaityti daugiau \u2192<\/span>\n\t\t\t\t\t<\/span>\n\t\t\t\t<\/a>\n\t\t\t\t\t\t<\/div>\n\t\t\t\n\t\t<\/div>\n\t\t\n\t<\/div>\n\n<\/div>\n\n\n<div class=\"uael-post-wrapper   news \">\n\t<div class=\"uael-post__bg-wrap uael-bg-wrap-disabled\">\n\n\t\t\t\t\t<a href=\"https:\/\/smego.com\/fi\/haastattelu-emil-aho-asiakkuuspaallikko-suomi\/\" target=\"_blank\" class=\"uael-post__complete-box-overlay\" aria-label=\"Link Complete Box\"><\/a>\n\t\t\t\t\n\t\t<div class=\"uael-post__inner-wrap uael-inner-wrap-disabled\">\n\n\t\t\t\t<div class=\"uael-post__thumbnail\">\n\t\t\t\n\t\t\t<a href=\"https:\/\/smego.com\/fi\/haastattelu-emil-aho-asiakkuuspaallikko-suomi\/\" target=\"_self\" title=\"Haastattelu: Emil Aho, asiakkuusp\u00e4\u00e4llikk\u00f6 &#8211; Suomi\"><img decoding=\"async\" width=\"1480\" height=\"960\" src=\"https:\/\/smego.com\/wp-content\/uploads\/2024\/06\/Emil_blog-header.png\" class=\"attachment-full size-full wp-image-20752\" alt=\"Emil Aho\" srcset=\"https:\/\/smego.com\/wp-content\/uploads\/2024\/06\/Emil_blog-header.png 1480w, https:\/\/smego.com\/wp-content\/uploads\/2024\/06\/Emil_blog-header-300x195.png 300w, https:\/\/smego.com\/wp-content\/uploads\/2024\/06\/Emil_blog-header-1024x664.png 1024w, https:\/\/smego.com\/wp-content\/uploads\/2024\/06\/Emil_blog-header-768x498.png 768w\" sizes=\"(max-width: 1480px) 100vw, 1480px\" \/><\/a>\n\t\t\t\t\t<\/div>\n\t\t\n\t\t\t\n\t\t\t<div class=\"uael-post__content-wrap uael-content-wrap-disabled\">\n\t\t\t\t\t\t<h3 class=\"uael-post__title\">\n\n\t\t\n\t\t\t\t\t\t<a href=\"https:\/\/smego.com\/fi\/haastattelu-emil-aho-asiakkuuspaallikko-suomi\/\" target=\"_self\">\n\t\t\t\tHaastattelu: Emil Aho, asiakkuusp\u00e4\u00e4llikk\u00f6 &#8211; Suomi\t\t\t<\/a>\n\n\t\t\t\t<\/h3>\n\t\t\t\t\t<div class=\"uael-post__meta-data\">\n\t\t\t\t\t<span class=\"uael-post__date\">\n\t\t\t\t\t\t\t\t\t\t\t\t\t<svg aria-hidden=\"true\" class=\"e-font-icon-svg e-fa-calendar\" viewBox=\"0 0 448 512\" xmlns=\"http:\/\/www.w3.org\/2000\/svg\"><path d=\"M12 192h424c6.6 0 12 5.4 12 12v260c0 26.5-21.5 48-48 48H48c-26.5 0-48-21.5-48-48V204c0-6.6 5.4-12 12-12zm436-44v-36c0-26.5-21.5-48-48-48h-48V12c0-6.6-5.4-12-12-12h-40c-6.6 0-12 5.4-12 12v52H160V12c0-6.6-5.4-12-12-12h-40c-6.6 0-12 5.4-12 12v52H48C21.5 64 0 85.5 0 112v36c0 6.6 5.4 12 12 12h424c6.6 0 12-5.4 12-12z\"><\/path><\/svg>\t\t\t\t\t\t\t\t\t\n\t\t\tJune 25, 2024\t\t<\/span>\n\t\t\t\t<\/div>\n\t\t<div class=\"uael-post__separator-wrap\"><div class=\"uael-post__separator uael-post__gradient-separator\"><\/div><\/div>\n\t\t<div class=\"uael-post__excerpt\">\n\t\t\tHaastattelimme t\u00e4t\u00e4 juttua varten smeGo Finlandin asiakkuusp\u00e4\u00e4llikk\u00f6 Emil Ahoa. Emilill\u00e4 on vankka tausta myynnist\u00e4 ja pk-yrityspankkitoiminnasta, ja h\u00e4n tuokin taloon runsaasti kokemusta ja n\u00e4kemyksi\u00e4 pienten ...\t\t<\/div>\n\n\t\t\t\t\t<a class=\"uael-post__read-more elementor-button\" href=\"https:\/\/smego.com\/fi\/haastattelu-emil-aho-asiakkuuspaallikko-suomi\/\" target=\"_self\" aria-labelledby=\"uael-post-21319\">\n\t\t\t\t\t<span class=\"elementor-button-content-wrapper\">\n\t\t\t\t\t\t\t\t\t\t\t\t\t\t<span class=\"elementor-button-icon elementor-align-icon-left\">\n\n\t\t\t\t\t\t\t\t\t\n\t\t\t\t\t\t\t\t<\/span>\n\t\t\t\t\t\t\t\t\t\t\t\t\t\n\t\t\t\t\t\t<span class=\"elementor-button-text\" id=uael-post-21319>Skaityti daugiau \u2192<\/span>\n\t\t\t\t\t<\/span>\n\t\t\t\t<\/a>\n\t\t\t\t\t\t<\/div>\n\t\t\t\n\t\t<\/div>\n\t\t\n\t<\/div>\n\n<\/div>\n\t\t\t\t<\/div>\n\t\t\t\t\t\t\n\t\t<\/div>\n\n\t\t\t\t\t\t<\/div>\n\t\t<div class=\"uael-post__footer\">\n\t\t\t\t\t<\/div>\n\t\t\t\t\t\t<\/div>\n\t\t\t\t<\/div>\n\t\t\t\t\t<\/div>\n\t\t\t\t<\/div>\n\t\t\t\t<\/div>\n\t\t","protected":false},"excerpt":{"rendered":"<p>Uutiset Bedrijven alsnog failliet door coronaschulden February 9, 2024 De Belastingdienst is vanaf 1 september gestart met het invorderen van de belastingschuld die 35.000 ondernemers tijdens de coronacrisis hebben opgelopen, maar waarvoor ze nog &#8230; Skaityti daugiau \u2192 Embedded finance, de toekomst van financi\u00eble dienstverlening December 19, 2023 In de snel evoluerende wereld van technologie [&hellip;]<\/p>\n","protected":false},"author":10,"featured_media":0,"parent":0,"menu_order":0,"comment_status":"closed","ping_status":"closed","template":"elementor_header_footer","meta":{"footnotes":""},"class_list":["post-16694","page","type-page","status-publish","hentry"],"aioseo_notices":[],"_links":{"self":[{"href":"https:\/\/smego.com\/fi\/wp-json\/wp\/v2\/pages\/16694","targetHints":{"allow":["GET"]}}],"collection":[{"href":"https:\/\/smego.com\/fi\/wp-json\/wp\/v2\/pages"}],"about":[{"href":"https:\/\/smego.com\/fi\/wp-json\/wp\/v2\/types\/page"}],"author":[{"embeddable":true,"href":"https:\/\/smego.com\/fi\/wp-json\/wp\/v2\/users\/10"}],"replies":[{"embeddable":true,"href":"https:\/\/smego.com\/fi\/wp-json\/wp\/v2\/comments?post=16694"}],"version-history":[{"count":5,"href":"https:\/\/smego.com\/fi\/wp-json\/wp\/v2\/pages\/16694\/revisions"}],"predecessor-version":[{"id":16739,"href":"https:\/\/smego.com\/fi\/wp-json\/wp\/v2\/pages\/16694\/revisions\/16739"}],"wp:attachment":[{"href":"https:\/\/smego.com\/fi\/wp-json\/wp\/v2\/media?parent=16694"}],"curies":[{"name":"wp","href":"https:\/\/api.w.org\/{rel}","templated":true}]}}