{"id":24141,"date":"2025-04-28T16:14:03","date_gmt":"2025-04-28T13:14:03","guid":{"rendered":"https:\/\/smego.com\/greitas-finansavimas-verslui\/"},"modified":"2025-11-14T08:35:12","modified_gmt":"2025-11-14T06:35:12","slug":"arilaenud","status":"publish","type":"page","link":"https:\/\/smego.com\/et\/arilaenud\/","title":{"rendered":"Arilaenud"},"content":{"rendered":"<h2>smeGo \u00e4rilaenud \u2013 Operatiivne, paindlik ja lahendusele orienteeritud rahastus ettev\u00f5tetele!<\/h2>\n<h2>Paljud v\u00e4ikese ja keskmise suurusega ettev\u00f5tted on kogenud, kui keeruline on saada rahastust just siis, kui seda k\u00f5ige rohkem vajatakse.<\/h2>\n<p>Kui avaneb v\u00f5imalus, kulub traditsioonilistel pankadel laenutaotluse t\u00f6\u00f6tlemiseks sageli n\u00e4dalaid, kui mitte kuid. Selleks ajaks v\u00f5ib olla juba liiga hilja. smeGo-s saavad ettev\u00f5tted privaatpanga personaalse teeninduse ja fintech-i kiiruse. Lihtne taotlemine. Operatiivne otsustamise protsess v\u00f5imaldab meil teha rahastusotsuse vaid paari p\u00e4eva jooksul.<\/p>\n<p>\t\t\t\t\t<a href=\"#form\"><br \/>\n\t\t\t\t<svg aria-hidden=\"true\" viewBox=\"0 0 448 512\" xmlns=\"http:\/\/www.w3.org\/2000\/svg\"><path d=\"M190.5 66.9l22.2-22.2c9.4-9.4 24.6-9.4 33.9 0L441 239c9.4 9.4 9.4 24.6 0 33.9L246.6 467.3c-9.4 9.4-24.6 9.4-33.9 0l-22.2-22.2c-9.5-9.5-9.3-25 .4-34.3L311.4 296H24c-13.3 0-24-10.7-24-24v-32c0-13.3 10.7-24 24-24h287.4L190.9 101.2c-9.8-9.3-10-24.8-.4-34.3z\"><\/path><\/svg><br \/>\n\t\t\t\t\t\t\t\t\tT\u00e4itke taotlus<br \/>\n\t\t\t\t\t<\/a><\/p>\n<h2>Miks valida smeGo \u00e4rilaen?<\/h2>\n<p>\t\t\t\t\t\t\t\t\t\t\t\t\t\t\t<img decoding=\"async\" width=\"87\" height=\"87\" src=\"https:\/\/smego.com\/wp-content\/uploads\/2025\/08\/Group-587-2.png\" alt=\"\" \/>\t\t\t\t\t\t\t\t\t\t\t\t\t\t\t<\/p>\n<h2>Kiirus<\/h2>\n<p>Vastame teile samal p\u00e4eval ja lahendame teie rahastamise k\u00fcsimuse vaid loetud p\u00e4evade jooksul.<\/p>\n<p>\t\t\t\t\t\t\t\t\t\t\t\t\t\t\t<img decoding=\"async\" width=\"87\" height=\"87\" src=\"https:\/\/smego.com\/wp-content\/uploads\/2025\/08\/Group-586-5.png\" alt=\"\" \/>\t\t\t\t\t\t\t\t\t\t\t\t\t\t\t<\/p>\n<h2>Taskukohasus<\/h2>\n<p>Intressim\u00e4\u00e4rad alates 7% + Euribor \u2013 lahendame sinu nii l\u00fchiajalise kui ka pikaajalise finantsmure operatiivselt.<\/p>\n<p>\t\t\t\t\t\t\t\t\t\t\t\t\t\t\t<img decoding=\"async\" width=\"87\" height=\"87\" src=\"https:\/\/smego.com\/wp-content\/uploads\/2025\/08\/Group-585-2.png\" alt=\"\" \/>\t\t\t\t\t\t\t\t\t\t\t\t\t\t\t<\/p>\n<h2>Paindlikkus<\/h2>\n<p>Kasutage meie \u00e4rilaene olemasolevate kohustuste refinantseerimiseks veelgi parematel tingimustel, laienemiseks v\u00f5i seadmete ostmiseks.<\/p>\n<p>\t\t\t\t\t\t\t\t\t\t\t\t\t\t\t<img loading=\"lazy\" decoding=\"async\" width=\"450\" height=\"450\" src=\"https:\/\/smego.com\/wp-content\/uploads\/2024\/10\/Hardhat-man.png\" alt=\"\" srcset=\"https:\/\/smego.com\/wp-content\/uploads\/2024\/10\/Hardhat-man.png 450w, https:\/\/smego.com\/wp-content\/uploads\/2024\/10\/Hardhat-man-300x300.png 300w, https:\/\/smego.com\/wp-content\/uploads\/2024\/10\/Hardhat-man-150x150.png 150w\" sizes=\"(max-width: 450px) 100vw, 450px\" \/>\t\t\t\t\t\t\t\t\t\t\t\t\t\t\t<\/p>\n<h2>smeGo pakub turu parimaid laenutingimusi!<\/h2>\n<p>\t\t\t<svg aria-hidden=\"true\" viewBox=\"0 0 512 512\" xmlns=\"http:\/\/www.w3.org\/2000\/svg\"><path d=\"M173.898 439.404l-166.4-166.4c-9.997-9.997-9.997-26.206 0-36.204l36.203-36.204c9.997-9.998 26.207-9.998 36.204 0L192 312.69 432.095 72.596c9.997-9.997 26.207-9.997 36.204 0l36.203 36.204c9.997 9.997 9.997 26.206 0 36.204l-294.4 294.401c-9.998 9.997-26.207 9.997-36.204-.001z\"><\/path><\/svg>\t\t\t<\/p>\n<p>Laenusumma \u2013 alates <strong>100 000 EUR<\/strong> kuni <strong>3MEUR<\/strong><\/p>\n<p>\t\t\t<svg aria-hidden=\"true\" viewBox=\"0 0 512 512\" xmlns=\"http:\/\/www.w3.org\/2000\/svg\"><path d=\"M173.898 439.404l-166.4-166.4c-9.997-9.997-9.997-26.206 0-36.204l36.203-36.204c9.997-9.998 26.207-9.998 36.204 0L192 312.69 432.095 72.596c9.997-9.997 26.207-9.997 36.204 0l36.203 36.204c9.997 9.997 9.997 26.206 0 36.204l-294.4 294.401c-9.998 9.997-26.207 9.997-36.204-.001z\"><\/path><\/svg>\t\t\t<\/p>\n<p>Paindlikud tingimused \u2013 tagasimakse periood kuni <strong>3 aastat<\/strong><\/p>\n<p>\t\t\t<svg aria-hidden=\"true\" viewBox=\"0 0 512 512\" xmlns=\"http:\/\/www.w3.org\/2000\/svg\"><path d=\"M173.898 439.404l-166.4-166.4c-9.997-9.997-9.997-26.206 0-36.204l36.203-36.204c9.997-9.998 26.207-9.998 36.204 0L192 312.69 432.095 72.596c9.997-9.997 26.207-9.997 36.204 0l36.203 36.204c9.997 9.997 9.997 26.206 0 36.204l-294.4 294.401c-9.998 9.997-26.207 9.997-36.204-.001z\"><\/path><\/svg>\t\t\t<\/p>\n<p>Laen kuni <strong>85%<\/strong> tagatise v\u00e4\u00e4rtusest<\/p>\n<p>\t\t\t<svg aria-hidden=\"true\" viewBox=\"0 0 512 512\" xmlns=\"http:\/\/www.w3.org\/2000\/svg\"><path d=\"M173.898 439.404l-166.4-166.4c-9.997-9.997-9.997-26.206 0-36.204l36.203-36.204c9.997-9.998 26.207-9.998 36.204 0L192 312.69 432.095 72.596c9.997-9.997 26.207-9.997 36.204 0l36.203 36.204c9.997 9.997 9.997 26.206 0 36.204l-294.4 294.401c-9.998 9.997-26.207 9.997-36.204-.001z\"><\/path><\/svg>\t\t\t<\/p>\n<p>Eripakett olemasolevate kohustuste refinantseerimiseks<\/p>\n<p>\t\t\t<svg aria-hidden=\"true\" viewBox=\"0 0 512 512\" xmlns=\"http:\/\/www.w3.org\/2000\/svg\"><path d=\"M173.898 439.404l-166.4-166.4c-9.997-9.997-9.997-26.206 0-36.204l36.203-36.204c9.997-9.998 26.207-9.998 36.204 0L192 312.69 432.095 72.596c9.997-9.997 26.207-9.997 36.204 0l36.203 36.204c9.997 9.997 9.997 26.206 0 36.204l-294.4 294.401c-9.998 9.997-26.207 9.997-36.204-.001z\"><\/path><\/svg>\t\t\t<\/p>\n<p>Ekspertide tugi \u2013 meie finantseksperdid aitavad teid igal sammul\u00a0<\/p>\n<h2>Saa vajalik raha oma \u00e4ri kasvatamiseks juba t\u00e4na!<\/h2>\n<style>#gform_wrapper_3[data-form-index=\"0\"].gform-theme,[data-parent-form=\"3_0\"]{--gf-color-primary: #204ce5;--gf-color-primary-rgb: 32, 76, 229;--gf-color-primary-contrast: #fff;--gf-color-primary-contrast-rgb: 255, 255, 255;--gf-color-primary-darker: #001AB3;--gf-color-primary-lighter: #527EFF;--gf-color-secondary: #fff;--gf-color-secondary-rgb: 255, 255, 255;--gf-color-secondary-contrast: #112337;--gf-color-secondary-contrast-rgb: 17, 35, 55;--gf-color-secondary-darker: #F5F5F5;--gf-color-secondary-lighter: #FFFFFF;--gf-color-out-ctrl-light: rgba(17, 35, 55, 0.1);--gf-color-out-ctrl-light-rgb: 17, 35, 55;--gf-color-out-ctrl-light-darker: rgba(104, 110, 119, 0.35);--gf-color-out-ctrl-light-lighter: #F5F5F5;--gf-color-out-ctrl-dark: #585e6a;--gf-color-out-ctrl-dark-rgb: 88, 94, 106;--gf-color-out-ctrl-dark-darker: #112337;--gf-color-out-ctrl-dark-lighter: rgba(17, 35, 55, 0.65);--gf-color-in-ctrl: #fff;--gf-color-in-ctrl-rgb: 255, 255, 255;--gf-color-in-ctrl-contrast: #112337;--gf-color-in-ctrl-contrast-rgb: 17, 35, 55;--gf-color-in-ctrl-darker: #F5F5F5;--gf-color-in-ctrl-lighter: #FFFFFF;--gf-color-in-ctrl-primary: #204ce5;--gf-color-in-ctrl-primary-rgb: 32, 76, 229;--gf-color-in-ctrl-primary-contrast: #fff;--gf-color-in-ctrl-primary-contrast-rgb: 255, 255, 255;--gf-color-in-ctrl-primary-darker: #001AB3;--gf-color-in-ctrl-primary-lighter: #527EFF;--gf-color-in-ctrl-light: rgba(17, 35, 55, 0.1);--gf-color-in-ctrl-light-rgb: 17, 35, 55;--gf-color-in-ctrl-light-darker: rgba(104, 110, 119, 0.35);--gf-color-in-ctrl-light-lighter: #F5F5F5;--gf-color-in-ctrl-dark: #585e6a;--gf-color-in-ctrl-dark-rgb: 88, 94, 106;--gf-color-in-ctrl-dark-darker: #112337;--gf-color-in-ctrl-dark-lighter: rgba(17, 35, 55, 0.65);--gf-radius: 3px;--gf-font-size-secondary: 14px;--gf-font-size-tertiary: 13px;--gf-icon-ctrl-number: url(\"data:image\/svg+xml,%3Csvg width='8' height='14' viewBox='0 0 8 14' fill='none' xmlns='http:\/\/www.w3.org\/2000\/svg'%3E%3Cpath fill-rule='evenodd' clip-rule='evenodd' d='M4 0C4.26522 5.96046e-08 4.51957 0.105357 4.70711 0.292893L7.70711 3.29289C8.09763 3.68342 8.09763 4.31658 7.70711 4.70711C7.31658 5.09763 6.68342 5.09763 6.29289 4.70711L4 2.41421L1.70711 4.70711C1.31658 5.09763 0.683417 5.09763 0.292893 4.70711C-0.0976311 4.31658 -0.097631 3.68342 0.292893 3.29289L3.29289 0.292893C3.48043 0.105357 3.73478 0 4 0ZM0.292893 9.29289C0.683417 8.90237 1.31658 8.90237 1.70711 9.29289L4 11.5858L6.29289 9.29289C6.68342 8.90237 7.31658 8.90237 7.70711 9.29289C8.09763 9.68342 8.09763 10.3166 7.70711 10.7071L4.70711 13.7071C4.31658 14.0976 3.68342 14.0976 3.29289 13.7071L0.292893 10.7071C-0.0976311 10.3166 -0.0976311 9.68342 0.292893 9.29289Z' fill='rgba(17, 35, 55, 0.65)'\/%3E%3C\/svg%3E\");--gf-icon-ctrl-select: url(\"data:image\/svg+xml,%3Csvg width='10' height='6' viewBox='0 0 10 6' fill='none' xmlns='http:\/\/www.w3.org\/2000\/svg'%3E%3Cpath fill-rule='evenodd' clip-rule='evenodd' d='M0.292893 0.292893C0.683417 -0.097631 1.31658 -0.097631 1.70711 0.292893L5 3.58579L8.29289 0.292893C8.68342 -0.0976311 9.31658 -0.0976311 9.70711 0.292893C10.0976 0.683417 10.0976 1.31658 9.70711 1.70711L5.70711 5.70711C5.31658 6.09763 4.68342 6.09763 4.29289 5.70711L0.292893 1.70711C-0.0976311 1.31658 -0.0976311 0.683418 0.292893 0.292893Z' fill='rgba(17, 35, 55, 0.65)'\/%3E%3C\/svg%3E\");--gf-icon-ctrl-search: url(\"data:image\/svg+xml,%3Csvg width='640' height='640' xmlns='http:\/\/www.w3.org\/2000\/svg'%3E%3Cpath d='M256 128c-70.692 0-128 57.308-128 128 0 70.691 57.308 128 128 128 70.691 0 128-57.309 128-128 0-70.692-57.309-128-128-128zM64 256c0-106.039 85.961-192 192-192s192 85.961 192 192c0 41.466-13.146 79.863-35.498 111.248l154.125 154.125c12.496 12.496 12.496 32.758 0 45.254s-32.758 12.496-45.254 0L367.248 412.502C335.862 434.854 297.467 448 256 448c-106.039 0-192-85.962-192-192z' fill='rgba(17, 35, 55, 0.65)'\/%3E%3C\/svg%3E\");--gf-label-space-y-secondary: var(--gf-label-space-y-md-secondary);--gf-ctrl-border-color: #686e77;--gf-ctrl-size: var(--gf-ctrl-size-md);--gf-ctrl-label-color-primary: #112337;--gf-ctrl-label-color-secondary: #112337;--gf-ctrl-choice-size: var(--gf-ctrl-choice-size-md);--gf-ctrl-checkbox-check-size: var(--gf-ctrl-checkbox-check-size-md);--gf-ctrl-radio-check-size: var(--gf-ctrl-radio-check-size-md);--gf-ctrl-btn-font-size: var(--gf-ctrl-btn-font-size-md);--gf-ctrl-btn-padding-x: var(--gf-ctrl-btn-padding-x-md);--gf-ctrl-btn-size: var(--gf-ctrl-btn-size-md);--gf-ctrl-btn-border-color-secondary: #686e77;--gf-ctrl-file-btn-bg-color-hover: #EBEBEB;--gf-field-img-choice-size: var(--gf-field-img-choice-size-md);--gf-field-img-choice-card-space: var(--gf-field-img-choice-card-space-md);--gf-field-img-choice-check-ind-size: var(--gf-field-img-choice-check-ind-size-md);--gf-field-img-choice-check-ind-icon-size: var(--gf-field-img-choice-check-ind-icon-size-md);--gf-field-pg-steps-number-color: rgba(17, 35, 55, 0.8);}<\/style>\n<p class='gform_description'>\n<p class='gform_required_legend'>&quot;*&quot; indicates required fields<\/p>\n<form method='post' enctype='multipart\/form-data'  id='gform_3'  action='https:\/\/smego.com\/wp-admin\/post.php?post=24141&#038;action=elementor' data-formid='3' novalidate>\n                        <label class='gfield_label gform-field-label' for='input_3_21'>URL<\/label><input name='input_21' id='input_3_21' type='text' value='' autocomplete='new-password'\/>This field is for validation purposes and should be left unchanged.<label class='gfield_label gform-field-label' for='input_3_1'>Ettev\u00f5tte nimi*<\/label><input name='input_1' id='input_3_1' type='text' value='' class='large'     aria-required=\"true\" aria-invalid=\"false\"   \/><label class='gfield_label gform-field-label' for='input_3_3'>Nimi*<\/label><input name='input_3' id='input_3_3' type='text' value='' class='large'     aria-required=\"true\" aria-invalid=\"false\"   \/><label class='gfield_label gform-field-label' for='input_3_6'>Soovitud rahastamise summa*<\/label><input name='input_6' id='input_3_6' type='text' value='' class='large'    placeholder='EUR' aria-required=\"true\" aria-invalid=\"false\"   \/><label class='gfield_label gform-field-label' for='input_3_7'>Meiliaadress*<\/label><br \/>\n                            <input name='input_7' id='input_3_7' type='email' value='' class='large'    aria-required=\"true\" aria-invalid=\"false\"  \/><br \/>\n                        <label class='gfield_label gform-field-label' for='input_3_8'>Telefon (pole kohustuslik)*<\/label><input name='input_8' id='input_3_8' type='tel' value='' class='large'   aria-required=\"true\" aria-invalid=\"false\"   \/><input name='input_9' id='input_3_9' type='hidden' class='gform_hidden'  aria-invalid=\"false\" value='' \/><input name='input_16' id='input_3_16' type='hidden' class='gform_hidden'  aria-invalid=\"false\" value='' \/><input name='input_17' id='input_3_17' type='hidden' class='gform_hidden'  aria-invalid=\"false\" value='' \/><input name='input_19' id='input_3_19' type='hidden' class='gform_hidden'  aria-invalid=\"false\" value='' \/><input name='input_20' id='input_3_20' type='hidden' class='gform_hidden'  aria-invalid=\"false\" value='' \/><input name='input_10' id='input_3_10' type='hidden' class='gform_hidden'  aria-invalid=\"false\" value='' \/><input name='input_11' id='input_3_11' type='hidden' class='gform_hidden'  aria-invalid=\"false\" value='' \/><input name='input_12' id='input_3_12' type='hidden' class='gform_hidden'  aria-invalid=\"false\" value='' \/><input name='input_13' id='input_3_13' type='hidden' class='gform_hidden'  aria-invalid=\"false\" value='' \/><input name='input_18' id='input_3_18' type='hidden' class='gform_hidden'  aria-invalid=\"false\" value='944' \/><\/p>\n<fieldset id=\"field_3_15\"  >\n<legend class='gfield_label gform-field-label gfield_label_before_complex' >Consent*<\/legend>\n<p><input name='input_15.1' id='input_3_15_1' type='checkbox' value='1'  aria-describedby=\"gfield_consent_description_3_15\" aria-required=\"true\" aria-invalid=\"false\"   \/> <label for='input_3_15_1' >N\u00f5ustun <a href=\"https:\/\/smego.com\/et\/privacy-policy\/\" target=\"_blank\">privaatsuspoliitikaga.<\/a>*<\/label><input type='hidden' name='input_15.2' value='N\u00f5ustun &lt;a href=&quot;https:\/\/smego.com\/et\/privacy-policy\/&quot; target=&quot;_blank&quot;&gt;privaatsuspoliitikaga.&lt;\/a&gt;' class='gform_hidden' \/><input type='hidden' name='input_15.3' value='7' class='gform_hidden' \/>\u00c4ra kunagi jaga selle vormi kaudu tundlikku teavet (krediitkaardinumbrid, isikukoodid, paroolid).<\/fieldset>\n<p>         <input type='submit' id='gform_submit_button_3' class='gform_button button gform-button--width-full' onclick='gform.submission.handleButtonClick(this);' data-submission-type='submit' value='Esita taotlus'  \/><br \/>\n            <input type='hidden' class='gform_hidden' name='gform_submission_method' data-js='gform_submission_method_3' value='postback' \/><br \/>\n            <input type='hidden' class='gform_hidden' name='gform_theme' data-js='gform_theme_3' id='gform_theme_3' value='orbital' \/><br \/>\n            <input type='hidden' class='gform_hidden' name='gform_style_settings' data-js='gform_style_settings_3' id='gform_style_settings_3' value='' \/><br \/>\n            <input type='hidden' class='gform_hidden' name='is_submit_3' value='1' \/><br \/>\n            <input type='hidden' class='gform_hidden' name='gform_submit' value='3' \/><br \/>\n            <input type='hidden' class='gform_hidden' name='gform_unique_id' value='' \/><br \/>\n            <input type='hidden' class='gform_hidden' name='state_3' value='WyJ7XCIxNS4xXCI6XCI1YThlMTcwM2UwMjJmNmE5OThhOTIyZWE1ZWZkNjRkMVwiLFwiMTUuMlwiOlwiMzIyOTIxYzBlMGJlODFmYmIwNDg2ZDJhN2M0YTY4ZmJcIixcIjE1LjNcIjpcIjBjYWE0NTQwMzBlMjMwMTRkMTU2ZDQ2YTVmZThkMTdmXCJ9IiwiMmZiZTQ0ZmVmZjg5MDNlNDMyZmRkNDZmYjJhNzE1YTMiXQ==' \/><br \/>\n            <input type='hidden' autocomplete='off' class='gform_hidden' name='gform_target_page_number_3' id='gform_target_page_number_3' value='0' \/><br \/>\n            <input type='hidden' autocomplete='off' class='gform_hidden' name='gform_source_page_number_3' id='gform_source_page_number_3' value='1' \/><br \/>\n            <input type='hidden' name='gform_field_values' value='' \/><br \/>\n                        <\/form>\n","protected":false},"excerpt":{"rendered":"<p>smeGo \u00e4rilaenud \u2013 Operatiivne, paindlik ja lahendusele orienteeritud rahastus ettev\u00f5tetele! Paljud v\u00e4ikese ja keskmise suurusega ettev\u00f5tted on kogenud, kui keeruline on saada rahastust just siis, kui seda k\u00f5ige rohkem vajatakse. Kui avaneb v\u00f5imalus, kulub traditsioonilistel pankadel laenutaotluse t\u00f6\u00f6tlemiseks sageli n\u00e4dalaid, kui mitte kuid. Selleks ajaks v\u00f5ib olla juba liiga hilja. smeGo-s saavad ettev\u00f5tted privaatpanga personaalse [&hellip;]<\/p>\n","protected":false},"author":10,"featured_media":0,"parent":0,"menu_order":0,"comment_status":"closed","ping_status":"closed","template":"","meta":{"footnotes":""},"class_list":["post-24141","page","type-page","status-publish","hentry"],"aioseo_notices":[],"_links":{"self":[{"href":"https:\/\/smego.com\/et\/wp-json\/wp\/v2\/pages\/24141","targetHints":{"allow":["GET"]}}],"collection":[{"href":"https:\/\/smego.com\/et\/wp-json\/wp\/v2\/pages"}],"about":[{"href":"https:\/\/smego.com\/et\/wp-json\/wp\/v2\/types\/page"}],"author":[{"embeddable":true,"href":"https:\/\/smego.com\/et\/wp-json\/wp\/v2\/users\/10"}],"replies":[{"embeddable":true,"href":"https:\/\/smego.com\/et\/wp-json\/wp\/v2\/comments?post=24141"}],"version-history":[{"count":10,"href":"https:\/\/smego.com\/et\/wp-json\/wp\/v2\/pages\/24141\/revisions"}],"predecessor-version":[{"id":24732,"href":"https:\/\/smego.com\/et\/wp-json\/wp\/v2\/pages\/24141\/revisions\/24732"}],"wp:attachment":[{"href":"https:\/\/smego.com\/et\/wp-json\/wp\/v2\/media?parent=24141"}],"curies":[{"name":"wp","href":"https:\/\/api.w.org\/{rel}","templated":true}]}}