{"id":23481,"date":"2024-10-24T12:58:26","date_gmt":"2024-10-24T09:58:26","guid":{"rendered":"https:\/\/smego.com\/?page_id=23481"},"modified":"2024-11-19T12:04:22","modified_gmt":"2024-11-19T10:04:22","slug":"loancampaign","status":"publish","type":"page","link":"https:\/\/smego.com\/et\/loancampaign\/","title":{"rendered":"Loancampaign"},"content":{"rendered":"<h2>Oled pankade otsustamise protsessis ja kiiruses pettunud?<\/h2>\n<h2>smeGo \u00e4rilaenud \u2013 Kiire ja paindlik rahastus ettev\u00f5tetele<\/h2>\n<p>Edu tugineb kiirusel ja kui teil on v\u00f5imalus kasvada, investeerida v\u00f5i laieneda, siis ei saa te oma eesm\u00e4rkide toetamiseks rahastamist n\u00e4dalateks v\u00f5i kuudeks ootele j\u00e4tta. Teil on v\u00f5imalik saada laenu vastus vahemikus \u20ac100K kuni \u20ac2,5 miljonit juba \u00fche p\u00e4evaga, kasutades lihtsat ja kiiret taotlusprotsessi, mis ei raiska teie v\u00e4\u00e4rtuslikku aega.<\/p>\n<p>\t\t\t\t\t<a href=\"#form\"><br \/>\n\t\t\t\t<svg aria-hidden=\"true\" viewBox=\"0 0 448 512\" xmlns=\"http:\/\/www.w3.org\/2000\/svg\"><path d=\"M190.5 66.9l22.2-22.2c9.4-9.4 24.6-9.4 33.9 0L441 239c9.4 9.4 9.4 24.6 0 33.9L246.6 467.3c-9.4 9.4-24.6 9.4-33.9 0l-22.2-22.2c-9.5-9.5-9.3-25 .4-34.3L311.4 296H24c-13.3 0-24-10.7-24-24v-32c0-13.3 10.7-24 24-24h287.4L190.9 101.2c-9.8-9.3-10-24.8-.4-34.3z\"><\/path><\/svg><br \/>\n\t\t\t\t\t\t\t\t\tEsita taotlus<br \/>\n\t\t\t\t\t<\/a><\/p>\n<h2>Miks valida smeGo \u00e4rilaen?<\/h2>\n<p>\t\t\t\t\t\t\t\t\t\t\t\t\t<img decoding=\"async\" src=\"https:\/\/smego.com\/wp-content\/uploads\/2024\/09\/Group-587.svg\" alt=\"\" \/>\t\t\t\t\t\t\t\t\t\t\t\t\t<\/p>\n<h2>Kiirus<\/h2>\n<p>V\u00f5tame teiega \u00fchendust samal p\u00e4eval ja liigume taotlusest rahade kontole laekumiseni vaid loetud p\u00e4evade jooksul<\/p>\n<p>\t\t\t\t\t\t\t\t\t\t\t\t\t<img decoding=\"async\" src=\"https:\/\/smego.com\/wp-content\/uploads\/2024\/09\/Group-581.svg\" alt=\"\" \/>\t\t\t\t\t\t\t\t\t\t\t\t\t<\/p>\n<h2>Taskukohasus<\/h2>\n<p>Intressim\u00e4\u00e4rad alates 9,9% + Euribor.<\/p>\n<p>\u00a0<\/p>\n<p>\t\t\t\t\t\t\t\t\t\t\t\t\t<img decoding=\"async\" src=\"https:\/\/smego.com\/wp-content\/uploads\/2024\/09\/Group-585.svg\" alt=\"\" \/>\t\t\t\t\t\t\t\t\t\t\t\t\t<\/p>\n<h2>Paindlikkus<\/h2>\n<p>Kasutage meie \u00e4rilaene olemasolevate kohustuste refinantseerimiseks parematel tingimustel, investeerimiseks ettev\u00f5ttesse, laienemiseks v\u00f5i seadmete ostmiseks.\u00a0<\/p>\n<p>\t\t\t\t\t\t\t\t\t\t\t\t\t<img fetchpriority=\"high\" decoding=\"async\" width=\"450\" height=\"450\" src=\"https:\/\/smego.com\/wp-content\/uploads\/2024\/10\/Hardhat-man.png\" alt=\"\" srcset=\"https:\/\/smego.com\/wp-content\/uploads\/2024\/10\/Hardhat-man.png 450w, https:\/\/smego.com\/wp-content\/uploads\/2024\/10\/Hardhat-man-300x300.png 300w, https:\/\/smego.com\/wp-content\/uploads\/2024\/10\/Hardhat-man-150x150.png 150w\" sizes=\"(max-width: 450px) 100vw, 450px\" \/>\t\t\t\t\t\t\t\t\t\t\t\t\t<\/p>\n<h2>smeGo pakub \u00fcht parimat laenutingimuste valikut turul!<\/h2>\n<p>\t\t\t<svg aria-hidden=\"true\" viewBox=\"0 0 512 512\" xmlns=\"http:\/\/www.w3.org\/2000\/svg\"><path d=\"M173.898 439.404l-166.4-166.4c-9.997-9.997-9.997-26.206 0-36.204l36.203-36.204c9.997-9.998 26.207-9.998 36.204 0L192 312.69 432.095 72.596c9.997-9.997 26.207-9.997 36.204 0l36.203 36.204c9.997 9.997 9.997 26.206 0 36.204l-294.4 294.401c-9.998 9.997-26.207 9.997-36.204-.001z\"><\/path><\/svg>\t\t\t<\/p>\n<p>Laenusumma \u2013 alates <strong>\u20ac100 000 kuni \u20ac2,5 miljonit<\/strong><\/p>\n<p>\t\t\t<svg aria-hidden=\"true\" viewBox=\"0 0 512 512\" xmlns=\"http:\/\/www.w3.org\/2000\/svg\"><path d=\"M173.898 439.404l-166.4-166.4c-9.997-9.997-9.997-26.206 0-36.204l36.203-36.204c9.997-9.998 26.207-9.998 36.204 0L192 312.69 432.095 72.596c9.997-9.997 26.207-9.997 36.204 0l36.203 36.204c9.997 9.997 9.997 26.206 0 36.204l-294.4 294.401c-9.998 9.997-26.207 9.997-36.204-.001z\"><\/path><\/svg>\t\t\t<\/p>\n<p>Paindlikud tingimused \u2013 laenu tagasimaksegraafik kuni 20 aastat v\u00f5i vaid intressimaksete teenindamisega graafik &#8211; valik on sinu!<\/p>\n<p>\t\t\t<svg aria-hidden=\"true\" viewBox=\"0 0 512 512\" xmlns=\"http:\/\/www.w3.org\/2000\/svg\"><path d=\"M173.898 439.404l-166.4-166.4c-9.997-9.997-9.997-26.206 0-36.204l36.203-36.204c9.997-9.998 26.207-9.998 36.204 0L192 312.69 432.095 72.596c9.997-9.997 26.207-9.997 36.204 0l36.203 36.204c9.997 9.997 9.997 26.206 0 36.204l-294.4 294.401c-9.998 9.997-26.207 9.997-36.204-.001z\"><\/path><\/svg>\t\t\t<\/p>\n<p><strong>Ekspertide tugi<\/strong> \u2013 meie finantseksperdid toetavad teid igal sammul<\/p>\n<p>\t\t\t<svg aria-hidden=\"true\" viewBox=\"0 0 512 512\" xmlns=\"http:\/\/www.w3.org\/2000\/svg\"><path d=\"M173.898 439.404l-166.4-166.4c-9.997-9.997-9.997-26.206 0-36.204l36.203-36.204c9.997-9.998 26.207-9.998 36.204 0L192 312.69 432.095 72.596c9.997-9.997 26.207-9.997 36.204 0l36.203 36.204c9.997 9.997 9.997 26.206 0 36.204l-294.4 294.401c-9.998 9.997-26.207 9.997-36.204-.001z\"><\/path><\/svg>\t\t\t<\/p>\n<p>Eripakett olemasolevate kohustuste <strong>refinantseerimiseks<\/strong><\/p>\n<p>\t\t\t<svg aria-hidden=\"true\" viewBox=\"0 0 512 512\" xmlns=\"http:\/\/www.w3.org\/2000\/svg\"><path d=\"M173.898 439.404l-166.4-166.4c-9.997-9.997-9.997-26.206 0-36.204l36.203-36.204c9.997-9.998 26.207-9.998 36.204 0L192 312.69 432.095 72.596c9.997-9.997 26.207-9.997 36.204 0l36.203 36.204c9.997 9.997 9.997 26.206 0 36.204l-294.4 294.401c-9.998 9.997-26.207 9.997-36.204-.001z\"><\/path><\/svg>\t\t\t<\/p>\n<p>Laen kuni <strong>85%<\/strong> tagatise v\u00e4\u00e4rtusest<\/p>\n<h2>Hankige raha, mida vajate oma ettev\u00f5tte kasvatamiseks juba t\u00e4na!<\/h2>\n","protected":false},"excerpt":{"rendered":"<p>Oled pankade otsustamise protsessis ja kiiruses pettunud? smeGo \u00e4rilaenud \u2013 Kiire ja paindlik rahastus ettev\u00f5tetele Edu tugineb kiirusel ja kui teil on v\u00f5imalus kasvada, investeerida v\u00f5i laieneda, siis ei saa te oma eesm\u00e4rkide toetamiseks rahastamist n\u00e4dalateks v\u00f5i kuudeks ootele j\u00e4tta. Teil on v\u00f5imalik saada laenu vastus vahemikus \u20ac100K kuni \u20ac2,5 miljonit juba \u00fche p\u00e4evaga, kasutades [&hellip;]<\/p>\n","protected":false},"author":10,"featured_media":0,"parent":0,"menu_order":0,"comment_status":"closed","ping_status":"closed","template":"","meta":{"footnotes":""},"class_list":["post-23481","page","type-page","status-publish","hentry"],"aioseo_notices":[],"_links":{"self":[{"href":"https:\/\/smego.com\/et\/wp-json\/wp\/v2\/pages\/23481","targetHints":{"allow":["GET"]}}],"collection":[{"href":"https:\/\/smego.com\/et\/wp-json\/wp\/v2\/pages"}],"about":[{"href":"https:\/\/smego.com\/et\/wp-json\/wp\/v2\/types\/page"}],"author":[{"embeddable":true,"href":"https:\/\/smego.com\/et\/wp-json\/wp\/v2\/users\/10"}],"replies":[{"embeddable":true,"href":"https:\/\/smego.com\/et\/wp-json\/wp\/v2\/comments?post=23481"}],"version-history":[{"count":16,"href":"https:\/\/smego.com\/et\/wp-json\/wp\/v2\/pages\/23481\/revisions"}],"predecessor-version":[{"id":23547,"href":"https:\/\/smego.com\/et\/wp-json\/wp\/v2\/pages\/23481\/revisions\/23547"}],"wp:attachment":[{"href":"https:\/\/smego.com\/et\/wp-json\/wp\/v2\/media?parent=23481"}],"curies":[{"name":"wp","href":"https:\/\/api.w.org\/{rel}","templated":true}]}}